{"id":9048,"date":"2026-05-08T13:53:09","date_gmt":"2026-05-08T11:53:09","guid":{"rendered":"https:\/\/yosigo.ugr.es\/?page_id=9048"},"modified":"2026-05-08T13:53:37","modified_gmt":"2026-05-08T11:53:37","slug":"registo","status":"publish","type":"page","link":"https:\/\/yosigo.ugr.es\/pt\/registro\/","title":{"rendered":"Registo"},"content":{"rendered":"<h2 class=\"wp-block-heading\">Informa\u00e7\u00f5es b\u00e1sicas sobre a prote\u00e7\u00e3o dos seus dados pessoais fornecidas<\/h2>\n\n\n\n<figure class=\"wp-block-table\"><table class=\"has-fixed-layout\"><tbody><tr><td class=\"has-text-align-left\" data-align=\"left\" colspan=\"2\">&nbsp;<\/td><\/tr><tr><td class=\"has-text-align-left\" data-align=\"left\"><strong>Respons\u00e1vel<\/strong><\/td><td class=\"has-text-align-left\" data-align=\"left\">Universidade de Granada<\/td><\/tr><tr><td class=\"has-text-align-left\" data-align=\"left\"><strong>Legitima\u00e7\u00e3o<\/strong><\/td><td class=\"has-text-align-left\" data-align=\"left\">A Universidade tem o direito de processar os seus dados pessoais porque \u00e9 necess\u00e1rio para o desempenho de uma tarefa de interesse p\u00fablico ou para o exerc\u00edcio da autoridade p\u00fablica investida no controlador de dados:&nbsp;<strong>Art. 6.1 e) do Regulamento Geral sobre a Prote\u00e7\u00e3o de Dados<\/strong><\/td><\/tr><tr><td class=\"has-text-align-left\" data-align=\"left\"><strong>Objetivo<\/strong><\/td><td class=\"has-text-align-left\" data-align=\"left\">Gerir o seu pedido de inscri\u00e7\u00e3o na plataforma #yosigopublicando.<\/td><\/tr><tr><td class=\"has-text-align-left\" data-align=\"left\"><strong>Destinat\u00e1rios<\/strong><\/td><td class=\"has-text-align-left\" data-align=\"left\">N\u00e3o previsto.<\/td><\/tr><tr><td class=\"has-text-align-left\" data-align=\"left\"><strong>Direitos<\/strong><\/td><td class=\"has-text-align-left\" data-align=\"left\">T\u00eam o direito de solicitar o acesso, a oposi\u00e7\u00e3o, a retifica\u00e7\u00e3o, o apagamento ou a limita\u00e7\u00e3o do tratamento dos seus dados, tal como explicado nas informa\u00e7\u00f5es adicionais.<\/td><\/tr><tr><td class=\"has-text-align-left\" data-align=\"left\"><strong>Informa\u00e7\u00f5es adicionais<\/strong><\/td><td class=\"has-text-align-left\" data-align=\"left\">Para informa\u00e7\u00f5es adicionais e pormenorizadas sobre a prote\u00e7\u00e3o de dados, consultar o seguinte endere\u00e7o&nbsp;<a href=\"https:\/\/web.archive.org\/web\/20241115013334\/https:\/\/secretariageneral.ugr.es\/pages\/proteccion_datos\/leyendas-informativas\/_img\/informacionadicionalactividadesformativasextracurriculares\/%21\">liga\u00e7\u00e3o<\/a><\/td><\/tr><\/tbody><\/table><\/figure>\n\n\n\n<div class=\"wp-block-buttons is-layout-flex wp-block-buttons-is-layout-flex\">\n<div class=\"wp-block-button\"><a class=\"wp-block-button__link wp-element-button\" href=\"https:\/\/yosigo.ugr.es\/wp-login.php?action=register\">Continuar o registo<\/a><\/div>\n<\/div>\n\n\n\n<p><\/p>","protected":false},"excerpt":{"rendered":"<p>Informaci\u00f3n b\u00e1sica sobre protecci\u00f3n de sus datos personales aportados &nbsp; Responsable Universidad de Granada Legitimaci\u00f3n La Universidad se encuentra legitimada para el tratamiento de sus datos personales por ser necesario para el cumplimiento de una misi\u00f3n realizada en inter\u00e9s p\u00fablico o en el ejercicio de los poderes p\u00fablicos conferidos al responsable del mismo:&nbsp;Art. 6.1 e) [&hellip;]<\/p>\n","protected":false},"author":1,"featured_media":0,"parent":0,"menu_order":0,"comment_status":"closed","ping_status":"closed","template":"","meta":{"site-sidebar-layout":"default","site-content-layout":"","ast-site-content-layout":"default","site-content-style":"default","site-sidebar-style":"default","ast-global-header-display":"","ast-banner-title-visibility":"","ast-main-header-display":"","ast-hfb-above-header-display":"","ast-hfb-below-header-display":"","ast-hfb-mobile-header-display":"","site-post-title":"","ast-breadcrumbs-content":"","ast-featured-img":"","footer-sml-layout":"","theme-transparent-header-meta":"","adv-header-id-meta":"","stick-header-meta":"","header-above-stick-meta":"","header-main-stick-meta":"","header-below-stick-meta":"","astra-migrate-meta-layouts":"set","ast-page-background-enabled":"default","ast-page-background-meta":{"desktop":{"background-color":"","background-image":"","background-repeat":"repeat","background-position":"center center","background-size":"auto","background-attachment":"scroll","background-type":"","background-media":"","overlay-type":"","overlay-color":"","overlay-opacity":"","overlay-gradient":""},"tablet":{"background-color":"","background-image":"","background-repeat":"repeat","background-position":"center center","background-size":"auto","background-attachment":"scroll","background-type":"","background-media":"","overlay-type":"","overlay-color":"","overlay-opacity":"","overlay-gradient":""},"mobile":{"background-color":"","background-image":"","background-repeat":"repeat","background-position":"center center","background-size":"auto","background-attachment":"scroll","background-type":"","background-media":"","overlay-type":"","overlay-color":"","overlay-opacity":"","overlay-gradient":""}},"ast-content-background-meta":{"desktop":{"background-color":"var(--ast-global-color-5)","background-image":"","background-repeat":"repeat","background-position":"center center","background-size":"auto","background-attachment":"scroll","background-type":"","background-media":"","overlay-type":"","overlay-color":"","overlay-opacity":"","overlay-gradient":""},"tablet":{"background-color":"var(--ast-global-color-5)","background-image":"","background-repeat":"repeat","background-position":"center center","background-size":"auto","background-attachment":"scroll","background-type":"","background-media":"","overlay-type":"","overlay-color":"","overlay-opacity":"","overlay-gradient":""},"mobile":{"background-color":"var(--ast-global-color-5)","background-image":"","background-repeat":"repeat","background-position":"center center","background-size":"auto","background-attachment":"scroll","background-type":"","background-media":"","overlay-type":"","overlay-color":"","overlay-opacity":"","overlay-gradient":""}},"footnotes":""},"class_list":["post-9048","page","type-page","status-publish","hentry"],"yoast_head":"<!-- This site is optimized with the Yoast SEO plugin v27.6 - https:\/\/yoast.com\/product\/yoast-seo-wordpress\/ -->\n<title>Registro - #YoSigoUGR<\/title>\n<meta name=\"robots\" content=\"index, follow, max-snippet:-1, max-image-preview:large, max-video-preview:-1\" \/>\n<link rel=\"canonical\" href=\"https:\/\/yosigo.ugr.es\/pt\/registo\/\" \/>\n<meta property=\"og:locale\" content=\"pt_PT\" \/>\n<meta property=\"og:type\" content=\"article\" \/>\n<meta property=\"og:title\" content=\"Registro - #YoSigoUGR\" \/>\n<meta property=\"og:description\" content=\"Informaci\u00f3n b\u00e1sica sobre protecci\u00f3n de sus datos personales aportados &nbsp; Responsable Universidad de Granada Legitimaci\u00f3n La Universidad se encuentra legitimada para el tratamiento de sus datos personales por ser necesario para el cumplimiento de una misi\u00f3n realizada en inter\u00e9s p\u00fablico o en el ejercicio de los poderes p\u00fablicos conferidos al responsable del mismo:&nbsp;Art. 6.1 e) [&hellip;]\" \/>\n<meta property=\"og:url\" content=\"https:\/\/yosigo.ugr.es\/pt\/registo\/\" \/>\n<meta property=\"og:site_name\" content=\"#YoSigoUGR\" \/>\n<meta property=\"article:modified_time\" content=\"2026-05-08T11:53:37+00:00\" \/>\n<meta name=\"twitter:card\" content=\"summary_large_image\" \/>\n<meta name=\"twitter:label1\" content=\"Tempo estimado de leitura\" \/>\n\t<meta name=\"twitter:data1\" content=\"1 minuto\" \/>\n<script type=\"application\/ld+json\" class=\"yoast-schema-graph\">{\"@context\":\"https:\\\/\\\/schema.org\",\"@graph\":[{\"@type\":\"WebPage\",\"@id\":\"https:\\\/\\\/yosigo.ugr.es\\\/registro\\\/\",\"url\":\"https:\\\/\\\/yosigo.ugr.es\\\/registro\\\/\",\"name\":\"Registro - #YoSigoUGR\",\"isPartOf\":{\"@id\":\"https:\\\/\\\/yosigo.ugr.es\\\/#website\"},\"datePublished\":\"2026-05-08T11:53:09+00:00\",\"dateModified\":\"2026-05-08T11:53:37+00:00\",\"breadcrumb\":{\"@id\":\"https:\\\/\\\/yosigo.ugr.es\\\/registro\\\/#breadcrumb\"},\"inLanguage\":\"pt-PT\",\"potentialAction\":[{\"@type\":\"ReadAction\",\"target\":[\"https:\\\/\\\/yosigo.ugr.es\\\/registro\\\/\"]}]},{\"@type\":\"BreadcrumbList\",\"@id\":\"https:\\\/\\\/yosigo.ugr.es\\\/registro\\\/#breadcrumb\",\"itemListElement\":[{\"@type\":\"ListItem\",\"position\":1,\"name\":\"Inicio\",\"item\":\"https:\\\/\\\/yosigo.ugr.es\\\/\"},{\"@type\":\"ListItem\",\"position\":2,\"name\":\"Registro\"}]},{\"@type\":\"WebSite\",\"@id\":\"https:\\\/\\\/yosigo.ugr.es\\\/#website\",\"url\":\"https:\\\/\\\/yosigo.ugr.es\\\/\",\"name\":\"#YoSigoUGR\",\"description\":\"Formaci\u00f3n abierta promovido por el Vicerrectorado de Investigaci\u00f3n y Transferencia y la Escuela Internacional de Posgrado de la UGR\",\"publisher\":{\"@id\":\"https:\\\/\\\/yosigo.ugr.es\\\/#organization\"},\"potentialAction\":[{\"@type\":\"SearchAction\",\"target\":{\"@type\":\"EntryPoint\",\"urlTemplate\":\"https:\\\/\\\/yosigo.ugr.es\\\/?s={search_term_string}\"},\"query-input\":{\"@type\":\"PropertyValueSpecification\",\"valueRequired\":true,\"valueName\":\"search_term_string\"}}],\"inLanguage\":\"pt-PT\"},{\"@type\":\"Organization\",\"@id\":\"https:\\\/\\\/yosigo.ugr.es\\\/#organization\",\"name\":\"#YoSigoUGR\",\"url\":\"https:\\\/\\\/yosigo.ugr.es\\\/\",\"logo\":{\"@type\":\"ImageObject\",\"inLanguage\":\"pt-PT\",\"@id\":\"https:\\\/\\\/yosigo.ugr.es\\\/#\\\/schema\\\/logo\\\/image\\\/\",\"url\":\"https:\\\/\\\/yosigo.ugr.es\\\/wp-content\\\/uploads\\\/2024\\\/01\\\/yosigo-web-24.png\",\"contentUrl\":\"https:\\\/\\\/yosigo.ugr.es\\\/wp-content\\\/uploads\\\/2024\\\/01\\\/yosigo-web-24.png\",\"width\":250,\"height\":38,\"caption\":\"#YoSigoUGR\"},\"image\":{\"@id\":\"https:\\\/\\\/yosigo.ugr.es\\\/#\\\/schema\\\/logo\\\/image\\\/\"}}]}<\/script>\n<!-- \/ Yoast SEO plugin. -->","yoast_head_json":{"title":"Registo - #YoSigoUGR","robots":{"index":"index","follow":"follow","max-snippet":"max-snippet:-1","max-image-preview":"max-image-preview:large","max-video-preview":"max-video-preview:-1"},"canonical":"https:\/\/yosigo.ugr.es\/pt\/registo\/","og_locale":"pt_PT","og_type":"article","og_title":"Registro - #YoSigoUGR","og_description":"Informaci\u00f3n b\u00e1sica sobre protecci\u00f3n de sus datos personales aportados &nbsp; Responsable Universidad de Granada Legitimaci\u00f3n La Universidad se encuentra legitimada para el tratamiento de sus datos personales por ser necesario para el cumplimiento de una misi\u00f3n realizada en inter\u00e9s p\u00fablico o en el ejercicio de los poderes p\u00fablicos conferidos al responsable del mismo:&nbsp;Art. 6.1 e) [&hellip;]","og_url":"https:\/\/yosigo.ugr.es\/pt\/registo\/","og_site_name":"#YoSigoUGR","article_modified_time":"2026-05-08T11:53:37+00:00","twitter_card":"summary_large_image","twitter_misc":{"Tempo estimado de leitura":"1 minuto"},"schema":{"@context":"https:\/\/schema.org","@graph":[{"@type":"WebPage","@id":"https:\/\/yosigo.ugr.es\/registro\/","url":"https:\/\/yosigo.ugr.es\/registro\/","name":"Registo - #YoSigoUGR","isPartOf":{"@id":"https:\/\/yosigo.ugr.es\/#website"},"datePublished":"2026-05-08T11:53:09+00:00","dateModified":"2026-05-08T11:53:37+00:00","breadcrumb":{"@id":"https:\/\/yosigo.ugr.es\/registro\/#breadcrumb"},"inLanguage":"pt-PT","potentialAction":[{"@type":"ReadAction","target":["https:\/\/yosigo.ugr.es\/registro\/"]}]},{"@type":"BreadcrumbList","@id":"https:\/\/yosigo.ugr.es\/registro\/#breadcrumb","itemListElement":[{"@type":"ListItem","position":1,"name":"Inicio","item":"https:\/\/yosigo.ugr.es\/"},{"@type":"ListItem","position":2,"name":"Registro"}]},{"@type":"WebSite","@id":"https:\/\/yosigo.ugr.es\/#website","url":"https:\/\/yosigo.ugr.es\/","name":"#YoSigoUGR","description":"Forma\u00e7\u00e3o aberta promovida pela Vice-reitoria de Investiga\u00e7\u00e3o e Transfer\u00eancia e pela Escola Internacional de P\u00f3s-Gradua\u00e7\u00e3o da UGR.","publisher":{"@id":"https:\/\/yosigo.ugr.es\/#organization"},"potentialAction":[{"@type":"SearchAction","target":{"@type":"EntryPoint","urlTemplate":"https:\/\/yosigo.ugr.es\/?s={search_term_string}"},"query-input":{"@type":"PropertyValueSpecification","valueRequired":true,"valueName":"search_term_string"}}],"inLanguage":"pt-PT"},{"@type":"Organization","@id":"https:\/\/yosigo.ugr.es\/#organization","name":"#YoSigoUGR","url":"https:\/\/yosigo.ugr.es\/","logo":{"@type":"ImageObject","inLanguage":"pt-PT","@id":"https:\/\/yosigo.ugr.es\/#\/schema\/logo\/image\/","url":"https:\/\/yosigo.ugr.es\/wp-content\/uploads\/2024\/01\/yosigo-web-24.png","contentUrl":"https:\/\/yosigo.ugr.es\/wp-content\/uploads\/2024\/01\/yosigo-web-24.png","width":250,"height":38,"caption":"#YoSigoUGR"},"image":{"@id":"https:\/\/yosigo.ugr.es\/#\/schema\/logo\/image\/"}}]}},"_links":{"self":[{"href":"https:\/\/yosigo.ugr.es\/pt\/wp-json\/wp\/v2\/pages\/9048","targetHints":{"allow":["GET"]}}],"collection":[{"href":"https:\/\/yosigo.ugr.es\/pt\/wp-json\/wp\/v2\/pages"}],"about":[{"href":"https:\/\/yosigo.ugr.es\/pt\/wp-json\/wp\/v2\/types\/page"}],"author":[{"embeddable":true,"href":"https:\/\/yosigo.ugr.es\/pt\/wp-json\/wp\/v2\/users\/1"}],"replies":[{"embeddable":true,"href":"https:\/\/yosigo.ugr.es\/pt\/wp-json\/wp\/v2\/comments?post=9048"}],"version-history":[{"count":2,"href":"https:\/\/yosigo.ugr.es\/pt\/wp-json\/wp\/v2\/pages\/9048\/revisions"}],"predecessor-version":[{"id":9050,"href":"https:\/\/yosigo.ugr.es\/pt\/wp-json\/wp\/v2\/pages\/9048\/revisions\/9050"}],"wp:attachment":[{"href":"https:\/\/yosigo.ugr.es\/pt\/wp-json\/wp\/v2\/media?parent=9048"}],"curies":[{"name":"wp","href":"https:\/\/api.w.org\/{rel}","templated":true}]}}