{"id":8333,"date":"2025-09-03T12:11:11","date_gmt":"2025-09-03T10:11:11","guid":{"rendered":"https:\/\/yosigo.ugr.es\/?page_id=8333"},"modified":"2025-09-03T12:11:49","modified_gmt":"2025-09-03T10:11:49","slug":"vie-privee","status":"publish","type":"page","link":"https:\/\/yosigo.ugr.es\/fr\/app\/privacidad\/","title":{"rendered":"Vie priv\u00e9e"},"content":{"rendered":"<p>Cette application a \u00e9t\u00e9 d\u00e9velopp\u00e9e comme un moyen alternatif d'acc\u00e9der au contenu de la base de donn\u00e9es du <a href=\"https:\/\/yosigo.ugr.es\/fr\/?utm_source=chatgpt.com\">yosigo.ugr.es<\/a>.<\/p>\n\n\n\n<p>Nous tenons \u00e0 ce que vous sachiez que nous respectons votre vie priv\u00e9e et que nous ne recueillons pas d'informations personnellement identifiables (telles que le nom, l'adresse \u00e9lectronique ou le num\u00e9ro de t\u00e9l\u00e9phone).<\/p>\n\n\n\n<h3 class=\"wp-block-heading\">Quelles sont les donn\u00e9es collect\u00e9es ?<\/h3>\n\n\n\n<ul class=\"wp-block-list\">\n<li>Ils ne sont stock\u00e9s que sous la forme de <strong>anonyme<\/strong> vos pr\u00e9f\u00e9rences d'utilisation de l'application, telles que\n<ul class=\"wp-block-list\">\n<li>les vid\u00e9os marqu\u00e9es d'un \"like<\/li>\n\n\n\n<li>contenus partag\u00e9s<\/li>\n\n\n\n<li>param\u00e8tres d'affichage ou de navigation<\/li>\n<\/ul>\n<\/li>\n<\/ul>\n\n\n\n<p>Ces donn\u00e9es ne nous permettent pas de vous identifier personnellement. Elles sont uniquement utilis\u00e9es pour aider l'application \u00e0 se souvenir de vos choix et \u00e0 am\u00e9liorer votre exp\u00e9rience.<\/p>\n\n\n\n<h3 class=\"wp-block-heading\">Quelles donn\u00e9es <strong>non<\/strong> nous collectons<\/h3>\n\n\n\n<ul class=\"wp-block-list\">\n<li>Nous ne sollicitons ni ne conservons d'informations personnelles.<\/li>\n\n\n\n<li>Nous ne partageons pas d'informations avec des tiers \u00e0 des fins de publicit\u00e9 ou de suivi.<\/li>\n<\/ul>\n\n\n\n<h3 class=\"wp-block-heading\">Utilisation de l'information<\/h3>\n\n\n\n<p>Les informations anonymes stock\u00e9es sont utilis\u00e9es exclusivement pour :<\/p>\n\n\n\n<ul class=\"wp-block-list\">\n<li>Conservez vos pr\u00e9f\u00e9rences dans l'application.<\/li>\n\n\n\n<li>Am\u00e9liorer l'exp\u00e9rience de navigation et de consommation de contenu.<\/li>\n<\/ul>\n\n\n\n<h3 class=\"wp-block-heading\">Contact<\/h3>\n\n\n\n<p>Si vous avez des questions concernant cette politique, vous pouvez contacter l'\u00e9quipe de d\u00e9veloppement \u00e0 l'adresse https:\/\/yosigo.ugr.es\/sobre-yosigopublicando\/contacta-con-nosotros\/.<\/p>\n\n\n\n<p><\/p>","protected":false},"excerpt":{"rendered":"<p>Esta aplicaci\u00f3n ha sido desarrollada como una forma alternativa de acceder a los contenidos de yosigo.ugr.es. Queremos que sepas que respetamos tu privacidad y que no recopilamos datos personales identificables (como nombre, correo electr\u00f3nico o n\u00famero de tel\u00e9fono). Qu\u00e9 datos recogemos Estos datos no permiten identificarte personalmente. Se utilizan \u00fanicamente para que la aplicaci\u00f3n recuerde [&hellip;]<\/p>\n","protected":false},"author":1,"featured_media":0,"parent":8331,"menu_order":0,"comment_status":"closed","ping_status":"closed","template":"","meta":{"site-sidebar-layout":"default","site-content-layout":"","ast-site-content-layout":"default","site-content-style":"default","site-sidebar-style":"default","ast-global-header-display":"","ast-banner-title-visibility":"","ast-main-header-display":"","ast-hfb-above-header-display":"","ast-hfb-below-header-display":"","ast-hfb-mobile-header-display":"","site-post-title":"","ast-breadcrumbs-content":"","ast-featured-img":"","footer-sml-layout":"","theme-transparent-header-meta":"","adv-header-id-meta":"","stick-header-meta":"","header-above-stick-meta":"","header-main-stick-meta":"","header-below-stick-meta":"","astra-migrate-meta-layouts":"set","ast-page-background-enabled":"default","ast-page-background-meta":{"desktop":{"background-color":"","background-image":"","background-repeat":"repeat","background-position":"center center","background-size":"auto","background-attachment":"scroll","background-type":"","background-media":"","overlay-type":"","overlay-color":"","overlay-opacity":"","overlay-gradient":""},"tablet":{"background-color":"","background-image":"","background-repeat":"repeat","background-position":"center center","background-size":"auto","background-attachment":"scroll","background-type":"","background-media":"","overlay-type":"","overlay-color":"","overlay-opacity":"","overlay-gradient":""},"mobile":{"background-color":"","background-image":"","background-repeat":"repeat","background-position":"center center","background-size":"auto","background-attachment":"scroll","background-type":"","background-media":"","overlay-type":"","overlay-color":"","overlay-opacity":"","overlay-gradient":""}},"ast-content-background-meta":{"desktop":{"background-color":"var(--ast-global-color-5)","background-image":"","background-repeat":"repeat","background-position":"center center","background-size":"auto","background-attachment":"scroll","background-type":"","background-media":"","overlay-type":"","overlay-color":"","overlay-opacity":"","overlay-gradient":""},"tablet":{"background-color":"var(--ast-global-color-5)","background-image":"","background-repeat":"repeat","background-position":"center center","background-size":"auto","background-attachment":"scroll","background-type":"","background-media":"","overlay-type":"","overlay-color":"","overlay-opacity":"","overlay-gradient":""},"mobile":{"background-color":"var(--ast-global-color-5)","background-image":"","background-repeat":"repeat","background-position":"center center","background-size":"auto","background-attachment":"scroll","background-type":"","background-media":"","overlay-type":"","overlay-color":"","overlay-opacity":"","overlay-gradient":""}},"footnotes":""},"class_list":["post-8333","page","type-page","status-publish","hentry"],"yoast_head":"<!-- This site is optimized with the Yoast SEO plugin v27.5 - https:\/\/yoast.com\/product\/yoast-seo-wordpress\/ -->\n<title>Privacidad - #YoSigoUGR<\/title>\n<meta name=\"robots\" content=\"index, follow, max-snippet:-1, max-image-preview:large, max-video-preview:-1\" \/>\n<link rel=\"canonical\" href=\"https:\/\/yosigo.ugr.es\/fr\/application\/vie-privee\/\" \/>\n<meta property=\"og:locale\" content=\"fr_FR\" \/>\n<meta property=\"og:type\" content=\"article\" \/>\n<meta property=\"og:title\" content=\"Privacidad - #YoSigoUGR\" \/>\n<meta property=\"og:description\" content=\"Esta aplicaci\u00f3n ha sido desarrollada como una forma alternativa de acceder a los contenidos de yosigo.ugr.es. Queremos que sepas que respetamos tu privacidad y que no recopilamos datos personales identificables (como nombre, correo electr\u00f3nico o n\u00famero de tel\u00e9fono). Qu\u00e9 datos recogemos Estos datos no permiten identificarte personalmente. Se utilizan \u00fanicamente para que la aplicaci\u00f3n recuerde [&hellip;]\" \/>\n<meta property=\"og:url\" content=\"https:\/\/yosigo.ugr.es\/fr\/application\/vie-privee\/\" \/>\n<meta property=\"og:site_name\" content=\"#YoSigoUGR\" \/>\n<meta property=\"article:modified_time\" content=\"2025-09-03T10:11:49+00:00\" \/>\n<meta name=\"twitter:card\" content=\"summary_large_image\" \/>\n<meta name=\"twitter:label1\" content=\"Dur\u00e9e de lecture estim\u00e9e\" \/>\n\t<meta name=\"twitter:data1\" content=\"1 minute\" \/>\n<script type=\"application\/ld+json\" class=\"yoast-schema-graph\">{\"@context\":\"https:\\\/\\\/schema.org\",\"@graph\":[{\"@type\":\"WebPage\",\"@id\":\"https:\\\/\\\/yosigo.ugr.es\\\/app\\\/privacidad\\\/\",\"url\":\"https:\\\/\\\/yosigo.ugr.es\\\/app\\\/privacidad\\\/\",\"name\":\"Privacidad - #YoSigoUGR\",\"isPartOf\":{\"@id\":\"https:\\\/\\\/yosigo.ugr.es\\\/#website\"},\"datePublished\":\"2025-09-03T10:11:11+00:00\",\"dateModified\":\"2025-09-03T10:11:49+00:00\",\"breadcrumb\":{\"@id\":\"https:\\\/\\\/yosigo.ugr.es\\\/app\\\/privacidad\\\/#breadcrumb\"},\"inLanguage\":\"fr-FR\",\"potentialAction\":[{\"@type\":\"ReadAction\",\"target\":[\"https:\\\/\\\/yosigo.ugr.es\\\/app\\\/privacidad\\\/\"]}]},{\"@type\":\"BreadcrumbList\",\"@id\":\"https:\\\/\\\/yosigo.ugr.es\\\/app\\\/privacidad\\\/#breadcrumb\",\"itemListElement\":[{\"@type\":\"ListItem\",\"position\":1,\"name\":\"Inicio\",\"item\":\"https:\\\/\\\/yosigo.ugr.es\\\/\"},{\"@type\":\"ListItem\",\"position\":2,\"name\":\"App #YoSigoUGR\",\"item\":\"https:\\\/\\\/yosigo.ugr.es\\\/app\\\/\"},{\"@type\":\"ListItem\",\"position\":3,\"name\":\"Privacidad\"}]},{\"@type\":\"WebSite\",\"@id\":\"https:\\\/\\\/yosigo.ugr.es\\\/#website\",\"url\":\"https:\\\/\\\/yosigo.ugr.es\\\/\",\"name\":\"#YoSigoUGR\",\"description\":\"Formaci\u00f3n abierta promovido por el Vicerrectorado de Investigaci\u00f3n y Transferencia y la Escuela Internacional de Posgrado de la UGR\",\"publisher\":{\"@id\":\"https:\\\/\\\/yosigo.ugr.es\\\/#organization\"},\"potentialAction\":[{\"@type\":\"SearchAction\",\"target\":{\"@type\":\"EntryPoint\",\"urlTemplate\":\"https:\\\/\\\/yosigo.ugr.es\\\/?s={search_term_string}\"},\"query-input\":{\"@type\":\"PropertyValueSpecification\",\"valueRequired\":true,\"valueName\":\"search_term_string\"}}],\"inLanguage\":\"fr-FR\"},{\"@type\":\"Organization\",\"@id\":\"https:\\\/\\\/yosigo.ugr.es\\\/#organization\",\"name\":\"#YoSigoUGR\",\"url\":\"https:\\\/\\\/yosigo.ugr.es\\\/\",\"logo\":{\"@type\":\"ImageObject\",\"inLanguage\":\"fr-FR\",\"@id\":\"https:\\\/\\\/yosigo.ugr.es\\\/#\\\/schema\\\/logo\\\/image\\\/\",\"url\":\"https:\\\/\\\/yosigo.ugr.es\\\/wp-content\\\/uploads\\\/2024\\\/01\\\/yosigo-web-24.png\",\"contentUrl\":\"https:\\\/\\\/yosigo.ugr.es\\\/wp-content\\\/uploads\\\/2024\\\/01\\\/yosigo-web-24.png\",\"width\":250,\"height\":38,\"caption\":\"#YoSigoUGR\"},\"image\":{\"@id\":\"https:\\\/\\\/yosigo.ugr.es\\\/#\\\/schema\\\/logo\\\/image\\\/\"}}]}<\/script>\n<!-- \/ Yoast SEO plugin. -->","yoast_head_json":{"title":"Vie priv\u00e9e - #YoSigoUGR","robots":{"index":"index","follow":"follow","max-snippet":"max-snippet:-1","max-image-preview":"max-image-preview:large","max-video-preview":"max-video-preview:-1"},"canonical":"https:\/\/yosigo.ugr.es\/fr\/application\/vie-privee\/","og_locale":"fr_FR","og_type":"article","og_title":"Privacidad - #YoSigoUGR","og_description":"Esta aplicaci\u00f3n ha sido desarrollada como una forma alternativa de acceder a los contenidos de yosigo.ugr.es. Queremos que sepas que respetamos tu privacidad y que no recopilamos datos personales identificables (como nombre, correo electr\u00f3nico o n\u00famero de tel\u00e9fono). Qu\u00e9 datos recogemos Estos datos no permiten identificarte personalmente. Se utilizan \u00fanicamente para que la aplicaci\u00f3n recuerde [&hellip;]","og_url":"https:\/\/yosigo.ugr.es\/fr\/application\/vie-privee\/","og_site_name":"#YoSigoUGR","article_modified_time":"2025-09-03T10:11:49+00:00","twitter_card":"summary_large_image","twitter_misc":{"Dur\u00e9e de lecture estim\u00e9e":"1 minute"},"schema":{"@context":"https:\/\/schema.org","@graph":[{"@type":"WebPage","@id":"https:\/\/yosigo.ugr.es\/app\/privacidad\/","url":"https:\/\/yosigo.ugr.es\/app\/privacidad\/","name":"Vie priv\u00e9e - #YoSigoUGR","isPartOf":{"@id":"https:\/\/yosigo.ugr.es\/#website"},"datePublished":"2025-09-03T10:11:11+00:00","dateModified":"2025-09-03T10:11:49+00:00","breadcrumb":{"@id":"https:\/\/yosigo.ugr.es\/app\/privacidad\/#breadcrumb"},"inLanguage":"fr-FR","potentialAction":[{"@type":"ReadAction","target":["https:\/\/yosigo.ugr.es\/app\/privacidad\/"]}]},{"@type":"BreadcrumbList","@id":"https:\/\/yosigo.ugr.es\/app\/privacidad\/#breadcrumb","itemListElement":[{"@type":"ListItem","position":1,"name":"Inicio","item":"https:\/\/yosigo.ugr.es\/"},{"@type":"ListItem","position":2,"name":"App #YoSigoUGR","item":"https:\/\/yosigo.ugr.es\/app\/"},{"@type":"ListItem","position":3,"name":"Privacidad"}]},{"@type":"WebSite","@id":"https:\/\/yosigo.ugr.es\/#website","url":"https:\/\/yosigo.ugr.es\/","name":"#YoSigoUGR","description":"Formation ouverte promue par le Vice-rectorat pour la recherche et le transfert et l'International Graduate School de l'UGR.","publisher":{"@id":"https:\/\/yosigo.ugr.es\/#organization"},"potentialAction":[{"@type":"SearchAction","target":{"@type":"EntryPoint","urlTemplate":"https:\/\/yosigo.ugr.es\/?s={search_term_string}"},"query-input":{"@type":"PropertyValueSpecification","valueRequired":true,"valueName":"search_term_string"}}],"inLanguage":"fr-FR"},{"@type":"Organization","@id":"https:\/\/yosigo.ugr.es\/#organization","name":"#YoSigoUGR","url":"https:\/\/yosigo.ugr.es\/","logo":{"@type":"ImageObject","inLanguage":"fr-FR","@id":"https:\/\/yosigo.ugr.es\/#\/schema\/logo\/image\/","url":"https:\/\/yosigo.ugr.es\/wp-content\/uploads\/2024\/01\/yosigo-web-24.png","contentUrl":"https:\/\/yosigo.ugr.es\/wp-content\/uploads\/2024\/01\/yosigo-web-24.png","width":250,"height":38,"caption":"#YoSigoUGR"},"image":{"@id":"https:\/\/yosigo.ugr.es\/#\/schema\/logo\/image\/"}}]}},"_links":{"self":[{"href":"https:\/\/yosigo.ugr.es\/fr\/wp-json\/wp\/v2\/pages\/8333","targetHints":{"allow":["GET"]}}],"collection":[{"href":"https:\/\/yosigo.ugr.es\/fr\/wp-json\/wp\/v2\/pages"}],"about":[{"href":"https:\/\/yosigo.ugr.es\/fr\/wp-json\/wp\/v2\/types\/page"}],"author":[{"embeddable":true,"href":"https:\/\/yosigo.ugr.es\/fr\/wp-json\/wp\/v2\/users\/1"}],"replies":[{"embeddable":true,"href":"https:\/\/yosigo.ugr.es\/fr\/wp-json\/wp\/v2\/comments?post=8333"}],"version-history":[{"count":1,"href":"https:\/\/yosigo.ugr.es\/fr\/wp-json\/wp\/v2\/pages\/8333\/revisions"}],"predecessor-version":[{"id":8334,"href":"https:\/\/yosigo.ugr.es\/fr\/wp-json\/wp\/v2\/pages\/8333\/revisions\/8334"}],"up":[{"embeddable":true,"href":"https:\/\/yosigo.ugr.es\/fr\/wp-json\/wp\/v2\/pages\/8331"}],"wp:attachment":[{"href":"https:\/\/yosigo.ugr.es\/fr\/wp-json\/wp\/v2\/media?parent=8333"}],"curies":[{"name":"wp","href":"https:\/\/api.w.org\/{rel}","templated":true}]}}