{"id":9048,"date":"2026-05-08T13:53:09","date_gmt":"2026-05-08T11:53:09","guid":{"rendered":"https:\/\/yosigo.ugr.es\/?page_id=9048"},"modified":"2026-05-08T13:53:37","modified_gmt":"2026-05-08T11:53:37","slug":"registration","status":"publish","type":"page","link":"https:\/\/yosigo.ugr.es\/en\/registro\/","title":{"rendered":"Register"},"content":{"rendered":"<h2 class=\"wp-block-heading\">Basic information on protection of your personal data provided<\/h2>\n\n\n\n<figure class=\"wp-block-table\"><table class=\"has-fixed-layout\"><tbody><tr><td class=\"has-text-align-left\" data-align=\"left\" colspan=\"2\">&nbsp;<\/td><\/tr><tr><td class=\"has-text-align-left\" data-align=\"left\"><strong>Responsible<\/strong><\/td><td class=\"has-text-align-left\" data-align=\"left\">University of Granada<\/td><\/tr><tr><td class=\"has-text-align-left\" data-align=\"left\"><strong>Legitimation<\/strong><\/td><td class=\"has-text-align-left\" data-align=\"left\">The University is entitled to process your personal data because it is necessary for the performance of a task carried out in the public interest or in the exercise of public authority vested in the data controller:&nbsp;<strong>Art. 6.1 e) of the General Data Protection Regulation<\/strong><\/td><\/tr><tr><td class=\"has-text-align-left\" data-align=\"left\"><strong>Purpose<\/strong><\/td><td class=\"has-text-align-left\" data-align=\"left\">Manage your registration request on the #yosigopublicando platform.<\/td><\/tr><tr><td class=\"has-text-align-left\" data-align=\"left\"><strong>Addressees<\/strong><\/td><td class=\"has-text-align-left\" data-align=\"left\">Not foreseen.<\/td><\/tr><tr><td class=\"has-text-align-left\" data-align=\"left\"><strong>Rights<\/strong><\/td><td class=\"has-text-align-left\" data-align=\"left\">They have the right to request access, opposition, rectification, erasure or restriction of the processing of their data, as explained in the additional information.<\/td><\/tr><tr><td class=\"has-text-align-left\" data-align=\"left\"><strong>Additional information<\/strong><\/td><td class=\"has-text-align-left\" data-align=\"left\">Additional and detailed information on data protection can be found at the following address&nbsp;<a href=\"https:\/\/web.archive.org\/web\/20241115013334\/https:\/\/secretariageneral.ugr.es\/pages\/proteccion_datos\/leyendas-informativas\/_img\/informacionadicionalactividadesformativasextracurriculares\/%21\">link<\/a><\/td><\/tr><\/tbody><\/table><\/figure>\n\n\n\n<div class=\"wp-block-buttons is-layout-flex wp-block-buttons-is-layout-flex\">\n<div class=\"wp-block-button\"><a class=\"wp-block-button__link wp-element-button\" href=\"https:\/\/yosigo.ugr.es\/wp-login.php?action=register\">Continue registration<\/a><\/div>\n<\/div>\n\n\n\n<p><\/p>","protected":false},"excerpt":{"rendered":"<p>Informaci\u00f3n b\u00e1sica sobre protecci\u00f3n de sus datos personales aportados &nbsp; Responsable Universidad de Granada Legitimaci\u00f3n La Universidad se encuentra legitimada para el tratamiento de sus datos personales por ser necesario para el cumplimiento de una misi\u00f3n realizada en inter\u00e9s p\u00fablico o en el ejercicio de los poderes p\u00fablicos conferidos al responsable del mismo:&nbsp;Art. 6.1 e) [&hellip;]<\/p>\n","protected":false},"author":1,"featured_media":0,"parent":0,"menu_order":0,"comment_status":"closed","ping_status":"closed","template":"","meta":{"site-sidebar-layout":"default","site-content-layout":"","ast-site-content-layout":"default","site-content-style":"default","site-sidebar-style":"default","ast-global-header-display":"","ast-banner-title-visibility":"","ast-main-header-display":"","ast-hfb-above-header-display":"","ast-hfb-below-header-display":"","ast-hfb-mobile-header-display":"","site-post-title":"","ast-breadcrumbs-content":"","ast-featured-img":"","footer-sml-layout":"","theme-transparent-header-meta":"","adv-header-id-meta":"","stick-header-meta":"","header-above-stick-meta":"","header-main-stick-meta":"","header-below-stick-meta":"","astra-migrate-meta-layouts":"set","ast-page-background-enabled":"default","ast-page-background-meta":{"desktop":{"background-color":"","background-image":"","background-repeat":"repeat","background-position":"center center","background-size":"auto","background-attachment":"scroll","background-type":"","background-media":"","overlay-type":"","overlay-color":"","overlay-opacity":"","overlay-gradient":""},"tablet":{"background-color":"","background-image":"","background-repeat":"repeat","background-position":"center center","background-size":"auto","background-attachment":"scroll","background-type":"","background-media":"","overlay-type":"","overlay-color":"","overlay-opacity":"","overlay-gradient":""},"mobile":{"background-color":"","background-image":"","background-repeat":"repeat","background-position":"center center","background-size":"auto","background-attachment":"scroll","background-type":"","background-media":"","overlay-type":"","overlay-color":"","overlay-opacity":"","overlay-gradient":""}},"ast-content-background-meta":{"desktop":{"background-color":"var(--ast-global-color-5)","background-image":"","background-repeat":"repeat","background-position":"center center","background-size":"auto","background-attachment":"scroll","background-type":"","background-media":"","overlay-type":"","overlay-color":"","overlay-opacity":"","overlay-gradient":""},"tablet":{"background-color":"var(--ast-global-color-5)","background-image":"","background-repeat":"repeat","background-position":"center center","background-size":"auto","background-attachment":"scroll","background-type":"","background-media":"","overlay-type":"","overlay-color":"","overlay-opacity":"","overlay-gradient":""},"mobile":{"background-color":"var(--ast-global-color-5)","background-image":"","background-repeat":"repeat","background-position":"center center","background-size":"auto","background-attachment":"scroll","background-type":"","background-media":"","overlay-type":"","overlay-color":"","overlay-opacity":"","overlay-gradient":""}},"footnotes":""},"class_list":["post-9048","page","type-page","status-publish","hentry"],"yoast_head":"<!-- This site is optimized with the Yoast SEO plugin v27.6 - https:\/\/yoast.com\/product\/yoast-seo-wordpress\/ -->\n<title>Registro - #YoSigoUGR<\/title>\n<meta name=\"robots\" content=\"index, follow, max-snippet:-1, max-image-preview:large, max-video-preview:-1\" \/>\n<link rel=\"canonical\" href=\"https:\/\/yosigo.ugr.es\/en\/registration\/\" \/>\n<meta property=\"og:locale\" content=\"en_GB\" \/>\n<meta property=\"og:type\" content=\"article\" \/>\n<meta property=\"og:title\" content=\"Registro - #YoSigoUGR\" \/>\n<meta property=\"og:description\" content=\"Informaci\u00f3n b\u00e1sica sobre protecci\u00f3n de sus datos personales aportados &nbsp; Responsable Universidad de Granada Legitimaci\u00f3n La Universidad se encuentra legitimada para el tratamiento de sus datos personales por ser necesario para el cumplimiento de una misi\u00f3n realizada en inter\u00e9s p\u00fablico o en el ejercicio de los poderes p\u00fablicos conferidos al responsable del mismo:&nbsp;Art. 6.1 e) [&hellip;]\" \/>\n<meta property=\"og:url\" content=\"https:\/\/yosigo.ugr.es\/en\/registration\/\" \/>\n<meta property=\"og:site_name\" content=\"#YoSigoUGR\" \/>\n<meta property=\"article:modified_time\" content=\"2026-05-08T11:53:37+00:00\" \/>\n<meta name=\"twitter:card\" content=\"summary_large_image\" \/>\n<meta name=\"twitter:label1\" content=\"Estimated reading time\" \/>\n\t<meta name=\"twitter:data1\" content=\"1 minute\" \/>\n<script type=\"application\/ld+json\" class=\"yoast-schema-graph\">{\"@context\":\"https:\\\/\\\/schema.org\",\"@graph\":[{\"@type\":\"WebPage\",\"@id\":\"https:\\\/\\\/yosigo.ugr.es\\\/registro\\\/\",\"url\":\"https:\\\/\\\/yosigo.ugr.es\\\/registro\\\/\",\"name\":\"Registro - #YoSigoUGR\",\"isPartOf\":{\"@id\":\"https:\\\/\\\/yosigo.ugr.es\\\/#website\"},\"datePublished\":\"2026-05-08T11:53:09+00:00\",\"dateModified\":\"2026-05-08T11:53:37+00:00\",\"breadcrumb\":{\"@id\":\"https:\\\/\\\/yosigo.ugr.es\\\/registro\\\/#breadcrumb\"},\"inLanguage\":\"en-GB\",\"potentialAction\":[{\"@type\":\"ReadAction\",\"target\":[\"https:\\\/\\\/yosigo.ugr.es\\\/registro\\\/\"]}]},{\"@type\":\"BreadcrumbList\",\"@id\":\"https:\\\/\\\/yosigo.ugr.es\\\/registro\\\/#breadcrumb\",\"itemListElement\":[{\"@type\":\"ListItem\",\"position\":1,\"name\":\"Inicio\",\"item\":\"https:\\\/\\\/yosigo.ugr.es\\\/\"},{\"@type\":\"ListItem\",\"position\":2,\"name\":\"Registro\"}]},{\"@type\":\"WebSite\",\"@id\":\"https:\\\/\\\/yosigo.ugr.es\\\/#website\",\"url\":\"https:\\\/\\\/yosigo.ugr.es\\\/\",\"name\":\"#YoSigoUGR\",\"description\":\"Formaci\u00f3n abierta promovido por el Vicerrectorado de Investigaci\u00f3n y Transferencia y la Escuela Internacional de Posgrado de la UGR\",\"publisher\":{\"@id\":\"https:\\\/\\\/yosigo.ugr.es\\\/#organization\"},\"potentialAction\":[{\"@type\":\"SearchAction\",\"target\":{\"@type\":\"EntryPoint\",\"urlTemplate\":\"https:\\\/\\\/yosigo.ugr.es\\\/?s={search_term_string}\"},\"query-input\":{\"@type\":\"PropertyValueSpecification\",\"valueRequired\":true,\"valueName\":\"search_term_string\"}}],\"inLanguage\":\"en-GB\"},{\"@type\":\"Organization\",\"@id\":\"https:\\\/\\\/yosigo.ugr.es\\\/#organization\",\"name\":\"#YoSigoUGR\",\"url\":\"https:\\\/\\\/yosigo.ugr.es\\\/\",\"logo\":{\"@type\":\"ImageObject\",\"inLanguage\":\"en-GB\",\"@id\":\"https:\\\/\\\/yosigo.ugr.es\\\/#\\\/schema\\\/logo\\\/image\\\/\",\"url\":\"https:\\\/\\\/yosigo.ugr.es\\\/wp-content\\\/uploads\\\/2024\\\/01\\\/yosigo-web-24.png\",\"contentUrl\":\"https:\\\/\\\/yosigo.ugr.es\\\/wp-content\\\/uploads\\\/2024\\\/01\\\/yosigo-web-24.png\",\"width\":250,\"height\":38,\"caption\":\"#YoSigoUGR\"},\"image\":{\"@id\":\"https:\\\/\\\/yosigo.ugr.es\\\/#\\\/schema\\\/logo\\\/image\\\/\"}}]}<\/script>\n<!-- \/ Yoast SEO plugin. -->","yoast_head_json":{"title":"Registration - #YoSigoUGR","robots":{"index":"index","follow":"follow","max-snippet":"max-snippet:-1","max-image-preview":"max-image-preview:large","max-video-preview":"max-video-preview:-1"},"canonical":"https:\/\/yosigo.ugr.es\/en\/registration\/","og_locale":"en_GB","og_type":"article","og_title":"Registro - #YoSigoUGR","og_description":"Informaci\u00f3n b\u00e1sica sobre protecci\u00f3n de sus datos personales aportados &nbsp; Responsable Universidad de Granada Legitimaci\u00f3n La Universidad se encuentra legitimada para el tratamiento de sus datos personales por ser necesario para el cumplimiento de una misi\u00f3n realizada en inter\u00e9s p\u00fablico o en el ejercicio de los poderes p\u00fablicos conferidos al responsable del mismo:&nbsp;Art. 6.1 e) [&hellip;]","og_url":"https:\/\/yosigo.ugr.es\/en\/registration\/","og_site_name":"#YoSigoUGR","article_modified_time":"2026-05-08T11:53:37+00:00","twitter_card":"summary_large_image","twitter_misc":{"Estimated reading time":"1 minute"},"schema":{"@context":"https:\/\/schema.org","@graph":[{"@type":"WebPage","@id":"https:\/\/yosigo.ugr.es\/registro\/","url":"https:\/\/yosigo.ugr.es\/registro\/","name":"Registration - #YoSigoUGR","isPartOf":{"@id":"https:\/\/yosigo.ugr.es\/#website"},"datePublished":"2026-05-08T11:53:09+00:00","dateModified":"2026-05-08T11:53:37+00:00","breadcrumb":{"@id":"https:\/\/yosigo.ugr.es\/registro\/#breadcrumb"},"inLanguage":"en-GB","potentialAction":[{"@type":"ReadAction","target":["https:\/\/yosigo.ugr.es\/registro\/"]}]},{"@type":"BreadcrumbList","@id":"https:\/\/yosigo.ugr.es\/registro\/#breadcrumb","itemListElement":[{"@type":"ListItem","position":1,"name":"Inicio","item":"https:\/\/yosigo.ugr.es\/"},{"@type":"ListItem","position":2,"name":"Registro"}]},{"@type":"WebSite","@id":"https:\/\/yosigo.ugr.es\/#website","url":"https:\/\/yosigo.ugr.es\/","name":"#YoSigoUGR","description":"Open training promoted by the Vice-rectorate for Research and Transfer and the International Graduate School of the UGR.","publisher":{"@id":"https:\/\/yosigo.ugr.es\/#organization"},"potentialAction":[{"@type":"SearchAction","target":{"@type":"EntryPoint","urlTemplate":"https:\/\/yosigo.ugr.es\/?s={search_term_string}"},"query-input":{"@type":"PropertyValueSpecification","valueRequired":true,"valueName":"search_term_string"}}],"inLanguage":"en-GB"},{"@type":"Organization","@id":"https:\/\/yosigo.ugr.es\/#organization","name":"#YoSigoUGR","url":"https:\/\/yosigo.ugr.es\/","logo":{"@type":"ImageObject","inLanguage":"en-GB","@id":"https:\/\/yosigo.ugr.es\/#\/schema\/logo\/image\/","url":"https:\/\/yosigo.ugr.es\/wp-content\/uploads\/2024\/01\/yosigo-web-24.png","contentUrl":"https:\/\/yosigo.ugr.es\/wp-content\/uploads\/2024\/01\/yosigo-web-24.png","width":250,"height":38,"caption":"#YoSigoUGR"},"image":{"@id":"https:\/\/yosigo.ugr.es\/#\/schema\/logo\/image\/"}}]}},"_links":{"self":[{"href":"https:\/\/yosigo.ugr.es\/en\/wp-json\/wp\/v2\/pages\/9048","targetHints":{"allow":["GET"]}}],"collection":[{"href":"https:\/\/yosigo.ugr.es\/en\/wp-json\/wp\/v2\/pages"}],"about":[{"href":"https:\/\/yosigo.ugr.es\/en\/wp-json\/wp\/v2\/types\/page"}],"author":[{"embeddable":true,"href":"https:\/\/yosigo.ugr.es\/en\/wp-json\/wp\/v2\/users\/1"}],"replies":[{"embeddable":true,"href":"https:\/\/yosigo.ugr.es\/en\/wp-json\/wp\/v2\/comments?post=9048"}],"version-history":[{"count":2,"href":"https:\/\/yosigo.ugr.es\/en\/wp-json\/wp\/v2\/pages\/9048\/revisions"}],"predecessor-version":[{"id":9050,"href":"https:\/\/yosigo.ugr.es\/en\/wp-json\/wp\/v2\/pages\/9048\/revisions\/9050"}],"wp:attachment":[{"href":"https:\/\/yosigo.ugr.es\/en\/wp-json\/wp\/v2\/media?parent=9048"}],"curies":[{"name":"wp","href":"https:\/\/api.w.org\/{rel}","templated":true}]}}