{"id":8333,"date":"2025-09-03T12:11:11","date_gmt":"2025-09-03T10:11:11","guid":{"rendered":"https:\/\/yosigo.ugr.es\/?page_id=8333"},"modified":"2025-09-03T12:11:49","modified_gmt":"2025-09-03T10:11:49","slug":"privacy","status":"publish","type":"page","link":"https:\/\/yosigo.ugr.es\/en\/app\/privacidad\/","title":{"rendered":"Privacy"},"content":{"rendered":"<p>This application has been developed as an alternative way of accessing the contents of the <a href=\"https:\/\/yosigo.ugr.es\/en\/?utm_source=chatgpt.com\">yosigo.ugr.es<\/a>.<\/p>\n\n\n\n<p>We want you to know that we respect your privacy and do not collect personally identifiable information (such as name, email address or telephone number).<\/p>\n\n\n\n<h3 class=\"wp-block-heading\">What data we collect<\/h3>\n\n\n\n<ul class=\"wp-block-list\">\n<li>They are only stored in the form of <strong>anonymised<\/strong> your usage preferences within the app, such as:\n<ul class=\"wp-block-list\">\n<li>videos marked with \"like<\/li>\n\n\n\n<li>shared contents<\/li>\n\n\n\n<li>display or navigation settings<\/li>\n<\/ul>\n<\/li>\n<\/ul>\n\n\n\n<p>This data does not allow us to identify you personally. It is only used to help the application remember your choices and improve your experience.<\/p>\n\n\n\n<h3 class=\"wp-block-heading\">What data <strong>no<\/strong> we collect<\/h3>\n\n\n\n<ul class=\"wp-block-list\">\n<li>We do not solicit or store personal information.<\/li>\n\n\n\n<li>We do not share information with third parties for advertising or tracking purposes.<\/li>\n<\/ul>\n\n\n\n<h3 class=\"wp-block-heading\">Use of information<\/h3>\n\n\n\n<p>The anonymised information stored is used exclusively for:<\/p>\n\n\n\n<ul class=\"wp-block-list\">\n<li>Maintain your preferences within the application.<\/li>\n\n\n\n<li>Improve the browsing and content consumption experience.<\/li>\n<\/ul>\n\n\n\n<h3 class=\"wp-block-heading\">Contact<\/h3>\n\n\n\n<p>If you have any questions about this policy, you can contact the development team at https:\/\/yosigo.ugr.es\/sobre-yosigopublicando\/contacta-con-nosotros\/.<\/p>\n\n\n\n<p><\/p>","protected":false},"excerpt":{"rendered":"<p>Esta aplicaci\u00f3n ha sido desarrollada como una forma alternativa de acceder a los contenidos de yosigo.ugr.es. Queremos que sepas que respetamos tu privacidad y que no recopilamos datos personales identificables (como nombre, correo electr\u00f3nico o n\u00famero de tel\u00e9fono). Qu\u00e9 datos recogemos Estos datos no permiten identificarte personalmente. Se utilizan \u00fanicamente para que la aplicaci\u00f3n recuerde [&hellip;]<\/p>\n","protected":false},"author":1,"featured_media":0,"parent":8331,"menu_order":0,"comment_status":"closed","ping_status":"closed","template":"","meta":{"site-sidebar-layout":"default","site-content-layout":"","ast-site-content-layout":"default","site-content-style":"default","site-sidebar-style":"default","ast-global-header-display":"","ast-banner-title-visibility":"","ast-main-header-display":"","ast-hfb-above-header-display":"","ast-hfb-below-header-display":"","ast-hfb-mobile-header-display":"","site-post-title":"","ast-breadcrumbs-content":"","ast-featured-img":"","footer-sml-layout":"","theme-transparent-header-meta":"","adv-header-id-meta":"","stick-header-meta":"","header-above-stick-meta":"","header-main-stick-meta":"","header-below-stick-meta":"","astra-migrate-meta-layouts":"set","ast-page-background-enabled":"default","ast-page-background-meta":{"desktop":{"background-color":"","background-image":"","background-repeat":"repeat","background-position":"center center","background-size":"auto","background-attachment":"scroll","background-type":"","background-media":"","overlay-type":"","overlay-color":"","overlay-opacity":"","overlay-gradient":""},"tablet":{"background-color":"","background-image":"","background-repeat":"repeat","background-position":"center center","background-size":"auto","background-attachment":"scroll","background-type":"","background-media":"","overlay-type":"","overlay-color":"","overlay-opacity":"","overlay-gradient":""},"mobile":{"background-color":"","background-image":"","background-repeat":"repeat","background-position":"center center","background-size":"auto","background-attachment":"scroll","background-type":"","background-media":"","overlay-type":"","overlay-color":"","overlay-opacity":"","overlay-gradient":""}},"ast-content-background-meta":{"desktop":{"background-color":"var(--ast-global-color-5)","background-image":"","background-repeat":"repeat","background-position":"center center","background-size":"auto","background-attachment":"scroll","background-type":"","background-media":"","overlay-type":"","overlay-color":"","overlay-opacity":"","overlay-gradient":""},"tablet":{"background-color":"var(--ast-global-color-5)","background-image":"","background-repeat":"repeat","background-position":"center center","background-size":"auto","background-attachment":"scroll","background-type":"","background-media":"","overlay-type":"","overlay-color":"","overlay-opacity":"","overlay-gradient":""},"mobile":{"background-color":"var(--ast-global-color-5)","background-image":"","background-repeat":"repeat","background-position":"center center","background-size":"auto","background-attachment":"scroll","background-type":"","background-media":"","overlay-type":"","overlay-color":"","overlay-opacity":"","overlay-gradient":""}},"footnotes":""},"class_list":["post-8333","page","type-page","status-publish","hentry"],"yoast_head":"<!-- This site is optimized with the Yoast SEO plugin v27.6 - https:\/\/yoast.com\/product\/yoast-seo-wordpress\/ -->\n<title>Privacidad - #YoSigoUGR<\/title>\n<meta name=\"robots\" content=\"index, follow, max-snippet:-1, max-image-preview:large, max-video-preview:-1\" \/>\n<link rel=\"canonical\" href=\"https:\/\/yosigo.ugr.es\/en\/app\/privacy\/\" \/>\n<meta property=\"og:locale\" content=\"en_GB\" \/>\n<meta property=\"og:type\" content=\"article\" \/>\n<meta property=\"og:title\" content=\"Privacidad - #YoSigoUGR\" \/>\n<meta property=\"og:description\" content=\"Esta aplicaci\u00f3n ha sido desarrollada como una forma alternativa de acceder a los contenidos de yosigo.ugr.es. Queremos que sepas que respetamos tu privacidad y que no recopilamos datos personales identificables (como nombre, correo electr\u00f3nico o n\u00famero de tel\u00e9fono). Qu\u00e9 datos recogemos Estos datos no permiten identificarte personalmente. Se utilizan \u00fanicamente para que la aplicaci\u00f3n recuerde [&hellip;]\" \/>\n<meta property=\"og:url\" content=\"https:\/\/yosigo.ugr.es\/en\/app\/privacy\/\" \/>\n<meta property=\"og:site_name\" content=\"#YoSigoUGR\" \/>\n<meta property=\"article:modified_time\" content=\"2025-09-03T10:11:49+00:00\" \/>\n<meta name=\"twitter:card\" content=\"summary_large_image\" \/>\n<meta name=\"twitter:label1\" content=\"Estimated reading time\" \/>\n\t<meta name=\"twitter:data1\" content=\"1 minute\" \/>\n<script type=\"application\/ld+json\" class=\"yoast-schema-graph\">{\"@context\":\"https:\\\/\\\/schema.org\",\"@graph\":[{\"@type\":\"WebPage\",\"@id\":\"https:\\\/\\\/yosigo.ugr.es\\\/app\\\/privacidad\\\/\",\"url\":\"https:\\\/\\\/yosigo.ugr.es\\\/app\\\/privacidad\\\/\",\"name\":\"Privacidad - #YoSigoUGR\",\"isPartOf\":{\"@id\":\"https:\\\/\\\/yosigo.ugr.es\\\/#website\"},\"datePublished\":\"2025-09-03T10:11:11+00:00\",\"dateModified\":\"2025-09-03T10:11:49+00:00\",\"breadcrumb\":{\"@id\":\"https:\\\/\\\/yosigo.ugr.es\\\/app\\\/privacidad\\\/#breadcrumb\"},\"inLanguage\":\"en-GB\",\"potentialAction\":[{\"@type\":\"ReadAction\",\"target\":[\"https:\\\/\\\/yosigo.ugr.es\\\/app\\\/privacidad\\\/\"]}]},{\"@type\":\"BreadcrumbList\",\"@id\":\"https:\\\/\\\/yosigo.ugr.es\\\/app\\\/privacidad\\\/#breadcrumb\",\"itemListElement\":[{\"@type\":\"ListItem\",\"position\":1,\"name\":\"Inicio\",\"item\":\"https:\\\/\\\/yosigo.ugr.es\\\/\"},{\"@type\":\"ListItem\",\"position\":2,\"name\":\"App #YoSigoUGR\",\"item\":\"https:\\\/\\\/yosigo.ugr.es\\\/app\\\/\"},{\"@type\":\"ListItem\",\"position\":3,\"name\":\"Privacidad\"}]},{\"@type\":\"WebSite\",\"@id\":\"https:\\\/\\\/yosigo.ugr.es\\\/#website\",\"url\":\"https:\\\/\\\/yosigo.ugr.es\\\/\",\"name\":\"#YoSigoUGR\",\"description\":\"Formaci\u00f3n abierta promovido por el Vicerrectorado de Investigaci\u00f3n y Transferencia y la Escuela Internacional de Posgrado de la UGR\",\"publisher\":{\"@id\":\"https:\\\/\\\/yosigo.ugr.es\\\/#organization\"},\"potentialAction\":[{\"@type\":\"SearchAction\",\"target\":{\"@type\":\"EntryPoint\",\"urlTemplate\":\"https:\\\/\\\/yosigo.ugr.es\\\/?s={search_term_string}\"},\"query-input\":{\"@type\":\"PropertyValueSpecification\",\"valueRequired\":true,\"valueName\":\"search_term_string\"}}],\"inLanguage\":\"en-GB\"},{\"@type\":\"Organization\",\"@id\":\"https:\\\/\\\/yosigo.ugr.es\\\/#organization\",\"name\":\"#YoSigoUGR\",\"url\":\"https:\\\/\\\/yosigo.ugr.es\\\/\",\"logo\":{\"@type\":\"ImageObject\",\"inLanguage\":\"en-GB\",\"@id\":\"https:\\\/\\\/yosigo.ugr.es\\\/#\\\/schema\\\/logo\\\/image\\\/\",\"url\":\"https:\\\/\\\/yosigo.ugr.es\\\/wp-content\\\/uploads\\\/2024\\\/01\\\/yosigo-web-24.png\",\"contentUrl\":\"https:\\\/\\\/yosigo.ugr.es\\\/wp-content\\\/uploads\\\/2024\\\/01\\\/yosigo-web-24.png\",\"width\":250,\"height\":38,\"caption\":\"#YoSigoUGR\"},\"image\":{\"@id\":\"https:\\\/\\\/yosigo.ugr.es\\\/#\\\/schema\\\/logo\\\/image\\\/\"}}]}<\/script>\n<!-- \/ Yoast SEO plugin. -->","yoast_head_json":{"title":"Privacy - #YoSigoUGR","robots":{"index":"index","follow":"follow","max-snippet":"max-snippet:-1","max-image-preview":"max-image-preview:large","max-video-preview":"max-video-preview:-1"},"canonical":"https:\/\/yosigo.ugr.es\/en\/app\/privacy\/","og_locale":"en_GB","og_type":"article","og_title":"Privacidad - #YoSigoUGR","og_description":"Esta aplicaci\u00f3n ha sido desarrollada como una forma alternativa de acceder a los contenidos de yosigo.ugr.es. Queremos que sepas que respetamos tu privacidad y que no recopilamos datos personales identificables (como nombre, correo electr\u00f3nico o n\u00famero de tel\u00e9fono). Qu\u00e9 datos recogemos Estos datos no permiten identificarte personalmente. Se utilizan \u00fanicamente para que la aplicaci\u00f3n recuerde [&hellip;]","og_url":"https:\/\/yosigo.ugr.es\/en\/app\/privacy\/","og_site_name":"#YoSigoUGR","article_modified_time":"2025-09-03T10:11:49+00:00","twitter_card":"summary_large_image","twitter_misc":{"Estimated reading time":"1 minute"},"schema":{"@context":"https:\/\/schema.org","@graph":[{"@type":"WebPage","@id":"https:\/\/yosigo.ugr.es\/app\/privacidad\/","url":"https:\/\/yosigo.ugr.es\/app\/privacidad\/","name":"Privacy - #YoSigoUGR","isPartOf":{"@id":"https:\/\/yosigo.ugr.es\/#website"},"datePublished":"2025-09-03T10:11:11+00:00","dateModified":"2025-09-03T10:11:49+00:00","breadcrumb":{"@id":"https:\/\/yosigo.ugr.es\/app\/privacidad\/#breadcrumb"},"inLanguage":"en-GB","potentialAction":[{"@type":"ReadAction","target":["https:\/\/yosigo.ugr.es\/app\/privacidad\/"]}]},{"@type":"BreadcrumbList","@id":"https:\/\/yosigo.ugr.es\/app\/privacidad\/#breadcrumb","itemListElement":[{"@type":"ListItem","position":1,"name":"Inicio","item":"https:\/\/yosigo.ugr.es\/"},{"@type":"ListItem","position":2,"name":"App #YoSigoUGR","item":"https:\/\/yosigo.ugr.es\/app\/"},{"@type":"ListItem","position":3,"name":"Privacidad"}]},{"@type":"WebSite","@id":"https:\/\/yosigo.ugr.es\/#website","url":"https:\/\/yosigo.ugr.es\/","name":"#YoSigoUGR","description":"Open training promoted by the Vice-rectorate for Research and Transfer and the International Graduate School of the UGR.","publisher":{"@id":"https:\/\/yosigo.ugr.es\/#organization"},"potentialAction":[{"@type":"SearchAction","target":{"@type":"EntryPoint","urlTemplate":"https:\/\/yosigo.ugr.es\/?s={search_term_string}"},"query-input":{"@type":"PropertyValueSpecification","valueRequired":true,"valueName":"search_term_string"}}],"inLanguage":"en-GB"},{"@type":"Organization","@id":"https:\/\/yosigo.ugr.es\/#organization","name":"#YoSigoUGR","url":"https:\/\/yosigo.ugr.es\/","logo":{"@type":"ImageObject","inLanguage":"en-GB","@id":"https:\/\/yosigo.ugr.es\/#\/schema\/logo\/image\/","url":"https:\/\/yosigo.ugr.es\/wp-content\/uploads\/2024\/01\/yosigo-web-24.png","contentUrl":"https:\/\/yosigo.ugr.es\/wp-content\/uploads\/2024\/01\/yosigo-web-24.png","width":250,"height":38,"caption":"#YoSigoUGR"},"image":{"@id":"https:\/\/yosigo.ugr.es\/#\/schema\/logo\/image\/"}}]}},"_links":{"self":[{"href":"https:\/\/yosigo.ugr.es\/en\/wp-json\/wp\/v2\/pages\/8333","targetHints":{"allow":["GET"]}}],"collection":[{"href":"https:\/\/yosigo.ugr.es\/en\/wp-json\/wp\/v2\/pages"}],"about":[{"href":"https:\/\/yosigo.ugr.es\/en\/wp-json\/wp\/v2\/types\/page"}],"author":[{"embeddable":true,"href":"https:\/\/yosigo.ugr.es\/en\/wp-json\/wp\/v2\/users\/1"}],"replies":[{"embeddable":true,"href":"https:\/\/yosigo.ugr.es\/en\/wp-json\/wp\/v2\/comments?post=8333"}],"version-history":[{"count":1,"href":"https:\/\/yosigo.ugr.es\/en\/wp-json\/wp\/v2\/pages\/8333\/revisions"}],"predecessor-version":[{"id":8334,"href":"https:\/\/yosigo.ugr.es\/en\/wp-json\/wp\/v2\/pages\/8333\/revisions\/8334"}],"up":[{"embeddable":true,"href":"https:\/\/yosigo.ugr.es\/en\/wp-json\/wp\/v2\/pages\/8331"}],"wp:attachment":[{"href":"https:\/\/yosigo.ugr.es\/en\/wp-json\/wp\/v2\/media?parent=8333"}],"curies":[{"name":"wp","href":"https:\/\/api.w.org\/{rel}","templated":true}]}}