{"id":618,"date":"2021-03-15T09:06:35","date_gmt":"2021-03-15T09:06:35","guid":{"rendered":"http:\/\/yosigopublicando.ugr.es\/?page_id=618"},"modified":"2024-02-01T10:18:02","modified_gmt":"2024-02-01T09:18:02","slug":"about-yosigopublicando","status":"publish","type":"page","link":"https:\/\/yosigo.ugr.es\/en\/about-yosigopublicando\/","title":{"rendered":"About #YoSigoUGR"},"content":{"rendered":"<h3 class=\"wp-block-heading has-text-align-left\">What defines #YoSigoUGR?<\/h3>\n\n\n\n<pre class=\"wp-block-verse\"><strong>Courses with cross-cutting themes. <\/strong>Our courses are focused on cross-cutting issues that affect all scientific and academic communities, specialising mainly in issues related to publication, communication, evaluation of scientific results and teaching methods, always from an applied and practical perspective. We also offer courses on work organisation, R&amp;D project development, scientific careers, research methods, e-leargin and much more.<\/pre>\n\n\n\n<pre class=\"wp-block-verse\"><strong>Education and open science. <\/strong>All #YoSigoUGR courses are recorded via Google Meet, then recorded by Google Meet. <a href=\"https:\/\/www.youtube.com\/channel\/UC3ksD2Urr8T8tqREfHqFTQA\/featured\">are uploaded to YouTube<\/a> and are included in this platform to centralise all the materials generated. The courses are recorded openly for the whole community using Creative Commons licences and, therefore, contribute to a model of education and open science in line with the current times and a public university.<\/pre>\n\n\n\n<pre class=\"wp-block-verse\"><strong>Dynamic bottom-up community<\/strong>. We attach importance to the building of a community through a participatory dynamic that encourages both students and teachers to act at times as both identifiers of needs and teachers, bringing the best of their experience and knowledge to the group. It is therefore a community <em>Peer-to-Peer <\/em>You can get to know, interact and participate in our community at <a href=\"https:\/\/t.me\/yosigopublicando\">Telegram<\/a> where we answer doubts, questions, disseminate information, and so on. <\/pre>\n\n\n\n<pre class=\"wp-block-verse\"><strong>Global learning community<\/strong>Another of the characteristics of #YoSigoUGR is that participation in its community and attendance, or teaching of courses, is not restricted or limited to students and researchers of the University of Granada. Any student and professor from any European and Latin American university can freely participate. We are also open to other professional communities.<\/pre>\n\n\n\n<h3 class=\"wp-block-heading\">The origin of the platform<\/h3>\n\n\n\n<p>The project<strong> #yosigopublicando<\/strong> (currently #YoSigoUGR ) was born as a reaction to the situation of confinement we were forced into in March 2020 due to the COVID19 pandemic. At the time, the aim was to virtualise the courses of the <em>Research Promotion Plan of the <\/em><a href=\"https:\/\/investigacion.ugr.es\/\"><em>Vice-Rector's Office for Research and Transfer<\/em><\/a>directed at the time by <strong>Daniel Torres-Salinas <\/strong>who would lead the initiative. Therefore, these virtual courses aimed to serve two communities with common but diverse interests: researchers with more established careers, and postgraduate students in the formative stages of their research or professional careers.  <\/p>\n\n\n\n<p>One of the most remarkable features of our community was the quick reaction to the COVID crisis19 as we launched the first course on 24 March, less than two weeks after the unexpected confinement. <strong>#yosigopublicando<\/strong> continued in the 2020\/2021 academic year in the same format and structure.  Thanks to the institutional and unambiguous support of the <a href=\"https:\/\/investigacion.ugr.es\/\">Vice-Rector's Office for Research and Transfer<\/a>as well as the <a href=\"https:\/\/escuelaposgrado.ugr.es\/\">International Graduate School,<\/a> the initiative, despite being a homemade emergency and action-oriented response, has achieved a wide dissemination and high rates of participation and acceptance. With the change of government at the University of Granada in 2023, the #YoSigoUGR initiative continues to be endorsed by three vice-rectorships (1) Vice-rectorate for Social Innovation, Employability and Entrepreneurship (2) Vice-rectorate for Research and Transfer (3) Vice-rectorate for Postgraduate Studies and Lifelong Learning.<\/p>\n\n\n\n<h3 class=\"wp-block-heading\"> Teaching innovation and special action plan<\/h3>\n\n\n\n<p>It is precisely in order to be able to continue the work of the <strong>#yosigopublicando<\/strong> during the academic year 2020\/2021 a request was made for a <a href=\"https:\/\/calidad.ugr.es\/areas\/formacion-innovacion-docente\/innovacion-docente\">\"Innovation and good teaching practices project\", within the programme \"Advanced and Coordinated Teaching Innovation Projects\".<\/a>financed in a competitive call for proposals by the <a href=\"https:\/\/calidad.ugr.es\/\">Quality, Teaching Innovation and Foresight Unit<\/a>. The project was solicited by Daniel Torres-Salinas under the title \".<em>yosigopublicando: platform for the training of researchers and postgraduate\/master's students<\/em>\"and it was <a href=\"https:\/\/calidad.ugr.es\/sites\/webugr\/calidad\/public\/inline-files\/resolucion_definitiva_pid_A_y_C_2020-3.pdf\">definitively awarded on 18 December 2020 with a financial amount of 3.000 Euros and code 20-140<\/a>. The project has also been additionally funded with a grant of 1,500 Euros through a special action of the Plan Propio de Investigaci\u00f3n y Transferencia (Research and Transfer Plan). The platform that you are currently using and that we have inaugurated in the academic year 2021\/2022 (3rd Season). We would like to thank <a href=\"https:\/\/si2soluciones.es\/\">SI2<\/a>the supercompany in charge of web development. The platform has also continued to evolve during the academic year with another teaching innovation project, with the same characteristics as the previous one, financed with 3000 Euros during the 2022-2023 academic year and led by Professor Nicol\u00e1s Robinson. <\/p>\n\n\n\n<h3 class=\"wp-block-heading\"> Some evolutionary milestones<\/h3>\n\n\n\n<ul class=\"wp-block-list\">\n<li>March 2020 - The initiative is born during COVID<\/li>\n\n\n\n<li>April 2020 - Telegram group created<\/li>\n\n\n\n<li>April - A commission of enquiry is set up <\/li>\n\n\n\n<li>January 2021 the platform is developed to enable profiling.<\/li>\n\n\n\n<li>February 2021 All videos are uploaded to an own youtbe channel. <\/li>\n\n\n\n<li>January 2022-New functionalities such as communities are developed.<\/li>\n\n\n\n<li>June 2023 - A newsletter is created<\/li>\n\n\n\n<li>September 2023 - The Commission of Inquiry renews 10 members<\/li>\n\n\n\n<li>September 2023 - Topics are expanded to cover teaching issues<\/li>\n\n\n\n<li>February 2024 - We change the name to <strong>#YosigoUGR<\/strong><\/li>\n<\/ul>\n\n\n\n<h3 class=\"wp-block-heading\">Cumulative data<\/h3>\n\n\n\n<ul class=\"wp-block-list\">\n<li><strong>2021<\/strong>\n<ul class=\"wp-block-list\">\n<li>110 Courses organised and uploaded to Youtube<\/li>\n\n\n\n<li>1,163 users with an active profile on the new site <\/li>\n\n\n\n<li>A collective 67 teachers<\/li>\n<\/ul>\n<\/li>\n\n\n\n<li><strong>2022  <\/strong>\n<ul class=\"wp-block-list\">\n<li>135 Courses organised and uploaded to YouTube<\/li>\n\n\n\n<li>4047 user with active profile on the new website<\/li>\n\n\n\n<li>A collective of 92 teachers<\/li>\n<\/ul>\n<\/li>\n\n\n\n<li><strong>2023<\/strong>\n<ul class=\"wp-block-list\">\n<li>184 Courses organised and uploaded to YouTube<\/li>\n\n\n\n<li>5001 users with active profile on the new website<\/li>\n\n\n\n<li>A collective of 121 teachers<\/li>\n<\/ul>\n<\/li>\n\n\n\n<li><strong>2024 <\/strong>\n<ul class=\"wp-block-list\">\n<li>Pending course completion<\/li>\n<\/ul>\n<\/li>\n<\/ul>","protected":false},"excerpt":{"rendered":"<p>\u00bfQu\u00e9 define a #YoSigoUGR? Cursos con temas transversales. Nuestros cursos est\u00e1n centrados en temas transversales que afectan a todas las comunidades cient\u00edficas y aca\u00e9micas, especializ\u00e1ndonos sobre todo en temas relacionados con la publicaci\u00f3n, comunicaci\u00f3n, evaluaci\u00f3n de resultados cient\u00edficos y m\u00e9todos docentes siempre desde una perspectiva aplicada y pr\u00e1ctica. Asimismo ofrecemos cursos de organizaci\u00f3n del trabajo, [&hellip;]<\/p>\n","protected":false},"author":1,"featured_media":0,"parent":0,"menu_order":0,"comment_status":"closed","ping_status":"closed","template":"","meta":{"site-sidebar-layout":"no-sidebar","site-content-layout":"page-builder","ast-site-content-layout":"","site-content-style":"default","site-sidebar-style":"default","ast-global-header-display":"","ast-banner-title-visibility":"","ast-main-header-display":"","ast-hfb-above-header-display":"","ast-hfb-below-header-display":"","ast-hfb-mobile-header-display":"","site-post-title":"disabled","ast-breadcrumbs-content":"","ast-featured-img":"disabled","footer-sml-layout":"","theme-transparent-header-meta":"default","adv-header-id-meta":"","stick-header-meta":"","header-above-stick-meta":"","header-main-stick-meta":"","header-below-stick-meta":"","astra-migrate-meta-layouts":"default","ast-page-background-enabled":"default","ast-page-background-meta":{"desktop":{"background-color":"","background-image":"","background-repeat":"repeat","background-position":"center center","background-size":"auto","background-attachment":"scroll","background-type":"","background-media":"","overlay-type":"","overlay-color":"","overlay-opacity":"","overlay-gradient":""},"tablet":{"background-color":"","background-image":"","background-repeat":"repeat","background-position":"center center","background-size":"auto","background-attachment":"scroll","background-type":"","background-media":"","overlay-type":"","overlay-color":"","overlay-opacity":"","overlay-gradient":""},"mobile":{"background-color":"","background-image":"","background-repeat":"repeat","background-position":"center center","background-size":"auto","background-attachment":"scroll","background-type":"","background-media":"","overlay-type":"","overlay-color":"","overlay-opacity":"","overlay-gradient":""}},"ast-content-background-meta":{"desktop":{"background-color":"var(--ast-global-color-5)","background-image":"","background-repeat":"repeat","background-position":"center center","background-size":"auto","background-attachment":"scroll","background-type":"","background-media":"","overlay-type":"","overlay-color":"","overlay-opacity":"","overlay-gradient":""},"tablet":{"background-color":"var(--ast-global-color-5)","background-image":"","background-repeat":"repeat","background-position":"center center","background-size":"auto","background-attachment":"scroll","background-type":"","background-media":"","overlay-type":"","overlay-color":"","overlay-opacity":"","overlay-gradient":""},"mobile":{"background-color":"var(--ast-global-color-5)","background-image":"","background-repeat":"repeat","background-position":"center center","background-size":"auto","background-attachment":"scroll","background-type":"","background-media":"","overlay-type":"","overlay-color":"","overlay-opacity":"","overlay-gradient":""}},"footnotes":""},"class_list":["post-618","page","type-page","status-publish","hentry"],"yoast_head":"<!-- This site is optimized with the Yoast SEO plugin v27.1.1 - https:\/\/yoast.com\/product\/yoast-seo-wordpress\/ -->\n<title>Sobre #YoSigoUGR - #YoSigoUGR<\/title>\n<meta name=\"robots\" content=\"index, follow, max-snippet:-1, max-image-preview:large, max-video-preview:-1\" \/>\n<link rel=\"canonical\" href=\"https:\/\/yosigo.ugr.es\/en\/about-yosigopublicando\/\" \/>\n<meta property=\"og:locale\" content=\"en_GB\" \/>\n<meta property=\"og:type\" content=\"article\" \/>\n<meta property=\"og:title\" content=\"Sobre #YoSigoUGR - #YoSigoUGR\" \/>\n<meta property=\"og:description\" content=\"\u00bfQu\u00e9 define a #YoSigoUGR? Cursos con temas transversales. Nuestros cursos est\u00e1n centrados en temas transversales que afectan a todas las comunidades cient\u00edficas y aca\u00e9micas, especializ\u00e1ndonos sobre todo en temas relacionados con la publicaci\u00f3n, comunicaci\u00f3n, evaluaci\u00f3n de resultados cient\u00edficos y m\u00e9todos docentes siempre desde una perspectiva aplicada y pr\u00e1ctica. Asimismo ofrecemos cursos de organizaci\u00f3n del trabajo, [&hellip;]\" \/>\n<meta property=\"og:url\" content=\"https:\/\/yosigo.ugr.es\/en\/about-yosigopublicando\/\" \/>\n<meta property=\"og:site_name\" content=\"#YoSigoUGR\" \/>\n<meta property=\"article:modified_time\" content=\"2024-02-01T09:18:02+00:00\" \/>\n<meta name=\"twitter:card\" content=\"summary_large_image\" \/>\n<meta name=\"twitter:label1\" content=\"Estimated reading time\" \/>\n\t<meta name=\"twitter:data1\" content=\"3 minutes\" \/>\n<script type=\"application\/ld+json\" class=\"yoast-schema-graph\">{\"@context\":\"https:\/\/schema.org\",\"@graph\":[{\"@type\":\"WebPage\",\"@id\":\"https:\/\/yosigo.ugr.es\/sobre-yosigopublicando\/\",\"url\":\"https:\/\/yosigo.ugr.es\/sobre-yosigopublicando\/\",\"name\":\"Sobre #YoSigoUGR - #YoSigoUGR\",\"isPartOf\":{\"@id\":\"https:\/\/yosigo.ugr.es\/#website\"},\"datePublished\":\"2021-03-15T09:06:35+00:00\",\"dateModified\":\"2024-02-01T09:18:02+00:00\",\"breadcrumb\":{\"@id\":\"https:\/\/yosigo.ugr.es\/sobre-yosigopublicando\/#breadcrumb\"},\"inLanguage\":\"en-GB\",\"potentialAction\":[{\"@type\":\"ReadAction\",\"target\":[\"https:\/\/yosigo.ugr.es\/sobre-yosigopublicando\/\"]}]},{\"@type\":\"BreadcrumbList\",\"@id\":\"https:\/\/yosigo.ugr.es\/sobre-yosigopublicando\/#breadcrumb\",\"itemListElement\":[{\"@type\":\"ListItem\",\"position\":1,\"name\":\"Inicio\",\"item\":\"https:\/\/yosigo.ugr.es\/\"},{\"@type\":\"ListItem\",\"position\":2,\"name\":\"Sobre #YoSigoUGR\"}]},{\"@type\":\"WebSite\",\"@id\":\"https:\/\/yosigo.ugr.es\/#website\",\"url\":\"https:\/\/yosigo.ugr.es\/\",\"name\":\"#YoSigoUGR\",\"description\":\"Formaci\u00f3n abierta promovido por el Vicerrectorado de Investigaci\u00f3n y Transferencia y la Escuela Internacional de Posgrado de la UGR\",\"publisher\":{\"@id\":\"https:\/\/yosigo.ugr.es\/#organization\"},\"potentialAction\":[{\"@type\":\"SearchAction\",\"target\":{\"@type\":\"EntryPoint\",\"urlTemplate\":\"https:\/\/yosigo.ugr.es\/?s={search_term_string}\"},\"query-input\":{\"@type\":\"PropertyValueSpecification\",\"valueRequired\":true,\"valueName\":\"search_term_string\"}}],\"inLanguage\":\"en-GB\"},{\"@type\":\"Organization\",\"@id\":\"https:\/\/yosigo.ugr.es\/#organization\",\"name\":\"#YoSigoUGR\",\"url\":\"https:\/\/yosigo.ugr.es\/\",\"logo\":{\"@type\":\"ImageObject\",\"inLanguage\":\"en-GB\",\"@id\":\"https:\/\/yosigo.ugr.es\/#\/schema\/logo\/image\/\",\"url\":\"https:\/\/yosigo.ugr.es\/wp-content\/uploads\/2024\/01\/yosigo-web-24.png\",\"contentUrl\":\"https:\/\/yosigo.ugr.es\/wp-content\/uploads\/2024\/01\/yosigo-web-24.png\",\"width\":250,\"height\":38,\"caption\":\"#YoSigoUGR\"},\"image\":{\"@id\":\"https:\/\/yosigo.ugr.es\/#\/schema\/logo\/image\/\"}}]}<\/script>\n<!-- \/ Yoast SEO plugin. -->","yoast_head_json":{"title":"About #YoSigoUGR - #YoSigoUGR","robots":{"index":"index","follow":"follow","max-snippet":"max-snippet:-1","max-image-preview":"max-image-preview:large","max-video-preview":"max-video-preview:-1"},"canonical":"https:\/\/yosigo.ugr.es\/en\/about-yosigopublicando\/","og_locale":"en_GB","og_type":"article","og_title":"Sobre #YoSigoUGR - #YoSigoUGR","og_description":"\u00bfQu\u00e9 define a #YoSigoUGR? Cursos con temas transversales. Nuestros cursos est\u00e1n centrados en temas transversales que afectan a todas las comunidades cient\u00edficas y aca\u00e9micas, especializ\u00e1ndonos sobre todo en temas relacionados con la publicaci\u00f3n, comunicaci\u00f3n, evaluaci\u00f3n de resultados cient\u00edficos y m\u00e9todos docentes siempre desde una perspectiva aplicada y pr\u00e1ctica. Asimismo ofrecemos cursos de organizaci\u00f3n del trabajo, [&hellip;]","og_url":"https:\/\/yosigo.ugr.es\/en\/about-yosigopublicando\/","og_site_name":"#YoSigoUGR","article_modified_time":"2024-02-01T09:18:02+00:00","twitter_card":"summary_large_image","twitter_misc":{"Estimated reading time":"3 minutes"},"schema":{"@context":"https:\/\/schema.org","@graph":[{"@type":"WebPage","@id":"https:\/\/yosigo.ugr.es\/sobre-yosigopublicando\/","url":"https:\/\/yosigo.ugr.es\/sobre-yosigopublicando\/","name":"About #YoSigoUGR - #YoSigoUGR","isPartOf":{"@id":"https:\/\/yosigo.ugr.es\/#website"},"datePublished":"2021-03-15T09:06:35+00:00","dateModified":"2024-02-01T09:18:02+00:00","breadcrumb":{"@id":"https:\/\/yosigo.ugr.es\/sobre-yosigopublicando\/#breadcrumb"},"inLanguage":"en-GB","potentialAction":[{"@type":"ReadAction","target":["https:\/\/yosigo.ugr.es\/sobre-yosigopublicando\/"]}]},{"@type":"BreadcrumbList","@id":"https:\/\/yosigo.ugr.es\/sobre-yosigopublicando\/#breadcrumb","itemListElement":[{"@type":"ListItem","position":1,"name":"Inicio","item":"https:\/\/yosigo.ugr.es\/"},{"@type":"ListItem","position":2,"name":"Sobre #YoSigoUGR"}]},{"@type":"WebSite","@id":"https:\/\/yosigo.ugr.es\/#website","url":"https:\/\/yosigo.ugr.es\/","name":"#YoSigoUGR","description":"Open training promoted by the Vice-rectorate for Research and Transfer and the International Graduate School of the UGR.","publisher":{"@id":"https:\/\/yosigo.ugr.es\/#organization"},"potentialAction":[{"@type":"SearchAction","target":{"@type":"EntryPoint","urlTemplate":"https:\/\/yosigo.ugr.es\/?s={search_term_string}"},"query-input":{"@type":"PropertyValueSpecification","valueRequired":true,"valueName":"search_term_string"}}],"inLanguage":"en-GB"},{"@type":"Organization","@id":"https:\/\/yosigo.ugr.es\/#organization","name":"#YoSigoUGR","url":"https:\/\/yosigo.ugr.es\/","logo":{"@type":"ImageObject","inLanguage":"en-GB","@id":"https:\/\/yosigo.ugr.es\/#\/schema\/logo\/image\/","url":"https:\/\/yosigo.ugr.es\/wp-content\/uploads\/2024\/01\/yosigo-web-24.png","contentUrl":"https:\/\/yosigo.ugr.es\/wp-content\/uploads\/2024\/01\/yosigo-web-24.png","width":250,"height":38,"caption":"#YoSigoUGR"},"image":{"@id":"https:\/\/yosigo.ugr.es\/#\/schema\/logo\/image\/"}}]}},"_links":{"self":[{"href":"https:\/\/yosigo.ugr.es\/en\/wp-json\/wp\/v2\/pages\/618","targetHints":{"allow":["GET"]}}],"collection":[{"href":"https:\/\/yosigo.ugr.es\/en\/wp-json\/wp\/v2\/pages"}],"about":[{"href":"https:\/\/yosigo.ugr.es\/en\/wp-json\/wp\/v2\/types\/page"}],"author":[{"embeddable":true,"href":"https:\/\/yosigo.ugr.es\/en\/wp-json\/wp\/v2\/users\/1"}],"replies":[{"embeddable":true,"href":"https:\/\/yosigo.ugr.es\/en\/wp-json\/wp\/v2\/comments?post=618"}],"version-history":[{"count":0,"href":"https:\/\/yosigo.ugr.es\/en\/wp-json\/wp\/v2\/pages\/618\/revisions"}],"wp:attachment":[{"href":"https:\/\/yosigo.ugr.es\/en\/wp-json\/wp\/v2\/media?parent=618"}],"curies":[{"name":"wp","href":"https:\/\/api.w.org\/{rel}","templated":true}]}}