{"id":9048,"date":"2026-05-08T13:53:09","date_gmt":"2026-05-08T11:53:09","guid":{"rendered":"https:\/\/yosigo.ugr.es\/?page_id=9048"},"modified":"2026-05-08T13:53:37","modified_gmt":"2026-05-08T11:53:37","slug":"anmeldung","status":"publish","type":"page","link":"https:\/\/yosigo.ugr.es\/de\/registro\/","title":{"rendered":"Register"},"content":{"rendered":"<h2 class=\"wp-block-heading\">Grundlegende Informationen zum Schutz Ihrer pers\u00f6nlichen Daten<\/h2>\n\n\n\n<figure class=\"wp-block-table\"><table class=\"has-fixed-layout\"><tbody><tr><td class=\"has-text-align-left\" data-align=\"left\" colspan=\"2\">&nbsp;<\/td><\/tr><tr><td class=\"has-text-align-left\" data-align=\"left\"><strong>Verantwortlich<\/strong><\/td><td class=\"has-text-align-left\" data-align=\"left\">Universit\u00e4t von Granada<\/td><\/tr><tr><td class=\"has-text-align-left\" data-align=\"left\"><strong>Legitimation<\/strong><\/td><td class=\"has-text-align-left\" data-align=\"left\">Die Universit\u00e4t ist berechtigt, Ihre personenbezogenen Daten zu verarbeiten, weil dies f\u00fcr die Wahrnehmung einer Aufgabe erforderlich ist, die im \u00f6ffentlichen Interesse liegt oder in Aus\u00fcbung \u00f6ffentlicher Gewalt erfolgt, die dem f\u00fcr die Verarbeitung Verantwortlichen \u00fcbertragen wurde:&nbsp;<strong>Art. 6.1 e) der Allgemeinen Datenschutzverordnung<\/strong><\/td><\/tr><tr><td class=\"has-text-align-left\" data-align=\"left\"><strong>Zweck<\/strong><\/td><td class=\"has-text-align-left\" data-align=\"left\">Verwalten Sie Ihren Registrierungsantrag auf der #yosigopublicando-Plattform.<\/td><\/tr><tr><td class=\"has-text-align-left\" data-align=\"left\"><strong>Adressaten<\/strong><\/td><td class=\"has-text-align-left\" data-align=\"left\">Nicht vorhergesehen.<\/td><\/tr><tr><td class=\"has-text-align-left\" data-align=\"left\"><strong>Rechte<\/strong><\/td><td class=\"has-text-align-left\" data-align=\"left\">Sie haben das Recht, Zugang, Widerspruch, Berichtigung, L\u00f6schung oder Einschr\u00e4nkung der Verarbeitung ihrer Daten zu verlangen, wie in den zus\u00e4tzlichen Informationen erl\u00e4utert.<\/td><\/tr><tr><td class=\"has-text-align-left\" data-align=\"left\"><strong>Weitere Informationen<\/strong><\/td><td class=\"has-text-align-left\" data-align=\"left\">Zus\u00e4tzliche und ausf\u00fchrliche Informationen zum Datenschutz finden Sie unter folgender Adresse&nbsp;<a href=\"https:\/\/web.archive.org\/web\/20241115013334\/https:\/\/secretariageneral.ugr.es\/pages\/proteccion_datos\/leyendas-informativas\/_img\/informacionadicionalactividadesformativasextracurriculares\/%21\">Link<\/a><\/td><\/tr><\/tbody><\/table><\/figure>\n\n\n\n<div class=\"wp-block-buttons is-layout-flex wp-block-buttons-is-layout-flex\">\n<div class=\"wp-block-button\"><a class=\"wp-block-button__link wp-element-button\" href=\"https:\/\/yosigo.ugr.es\/wp-login.php?action=register\">Registrierung fortsetzen<\/a><\/div>\n<\/div>\n\n\n\n<p><\/p>","protected":false},"excerpt":{"rendered":"<p>Informaci\u00f3n b\u00e1sica sobre protecci\u00f3n de sus datos personales aportados &nbsp; Responsable Universidad de Granada Legitimaci\u00f3n La Universidad se encuentra legitimada para el tratamiento de sus datos personales por ser necesario para el cumplimiento de una misi\u00f3n realizada en inter\u00e9s p\u00fablico o en el ejercicio de los poderes p\u00fablicos conferidos al responsable del mismo:&nbsp;Art. 6.1 e) [&hellip;]<\/p>\n","protected":false},"author":1,"featured_media":0,"parent":0,"menu_order":0,"comment_status":"closed","ping_status":"closed","template":"","meta":{"site-sidebar-layout":"default","site-content-layout":"","ast-site-content-layout":"default","site-content-style":"default","site-sidebar-style":"default","ast-global-header-display":"","ast-banner-title-visibility":"","ast-main-header-display":"","ast-hfb-above-header-display":"","ast-hfb-below-header-display":"","ast-hfb-mobile-header-display":"","site-post-title":"","ast-breadcrumbs-content":"","ast-featured-img":"","footer-sml-layout":"","theme-transparent-header-meta":"","adv-header-id-meta":"","stick-header-meta":"","header-above-stick-meta":"","header-main-stick-meta":"","header-below-stick-meta":"","astra-migrate-meta-layouts":"set","ast-page-background-enabled":"default","ast-page-background-meta":{"desktop":{"background-color":"","background-image":"","background-repeat":"repeat","background-position":"center center","background-size":"auto","background-attachment":"scroll","background-type":"","background-media":"","overlay-type":"","overlay-color":"","overlay-opacity":"","overlay-gradient":""},"tablet":{"background-color":"","background-image":"","background-repeat":"repeat","background-position":"center center","background-size":"auto","background-attachment":"scroll","background-type":"","background-media":"","overlay-type":"","overlay-color":"","overlay-opacity":"","overlay-gradient":""},"mobile":{"background-color":"","background-image":"","background-repeat":"repeat","background-position":"center center","background-size":"auto","background-attachment":"scroll","background-type":"","background-media":"","overlay-type":"","overlay-color":"","overlay-opacity":"","overlay-gradient":""}},"ast-content-background-meta":{"desktop":{"background-color":"var(--ast-global-color-5)","background-image":"","background-repeat":"repeat","background-position":"center center","background-size":"auto","background-attachment":"scroll","background-type":"","background-media":"","overlay-type":"","overlay-color":"","overlay-opacity":"","overlay-gradient":""},"tablet":{"background-color":"var(--ast-global-color-5)","background-image":"","background-repeat":"repeat","background-position":"center center","background-size":"auto","background-attachment":"scroll","background-type":"","background-media":"","overlay-type":"","overlay-color":"","overlay-opacity":"","overlay-gradient":""},"mobile":{"background-color":"var(--ast-global-color-5)","background-image":"","background-repeat":"repeat","background-position":"center center","background-size":"auto","background-attachment":"scroll","background-type":"","background-media":"","overlay-type":"","overlay-color":"","overlay-opacity":"","overlay-gradient":""}},"footnotes":""},"class_list":["post-9048","page","type-page","status-publish","hentry"],"yoast_head":"<!-- This site is optimized with the Yoast SEO plugin v27.6 - https:\/\/yoast.com\/product\/yoast-seo-wordpress\/ -->\n<title>Registro - #YoSigoUGR<\/title>\n<meta name=\"robots\" content=\"index, follow, max-snippet:-1, max-image-preview:large, max-video-preview:-1\" \/>\n<link rel=\"canonical\" href=\"https:\/\/yosigo.ugr.es\/de\/anmeldung\/\" \/>\n<meta property=\"og:locale\" content=\"de_DE\" \/>\n<meta property=\"og:type\" content=\"article\" \/>\n<meta property=\"og:title\" content=\"Registro - #YoSigoUGR\" \/>\n<meta property=\"og:description\" content=\"Informaci\u00f3n b\u00e1sica sobre protecci\u00f3n de sus datos personales aportados &nbsp; Responsable Universidad de Granada Legitimaci\u00f3n La Universidad se encuentra legitimada para el tratamiento de sus datos personales por ser necesario para el cumplimiento de una misi\u00f3n realizada en inter\u00e9s p\u00fablico o en el ejercicio de los poderes p\u00fablicos conferidos al responsable del mismo:&nbsp;Art. 6.1 e) [&hellip;]\" \/>\n<meta property=\"og:url\" content=\"https:\/\/yosigo.ugr.es\/de\/anmeldung\/\" \/>\n<meta property=\"og:site_name\" content=\"#YoSigoUGR\" \/>\n<meta property=\"article:modified_time\" content=\"2026-05-08T11:53:37+00:00\" \/>\n<meta name=\"twitter:card\" content=\"summary_large_image\" \/>\n<meta name=\"twitter:label1\" content=\"Gesch\u00e4tzte Lesezeit\" \/>\n\t<meta name=\"twitter:data1\" content=\"1\u00a0Minute\" \/>\n<script type=\"application\/ld+json\" class=\"yoast-schema-graph\">{\"@context\":\"https:\\\/\\\/schema.org\",\"@graph\":[{\"@type\":\"WebPage\",\"@id\":\"https:\\\/\\\/yosigo.ugr.es\\\/registro\\\/\",\"url\":\"https:\\\/\\\/yosigo.ugr.es\\\/registro\\\/\",\"name\":\"Registro - #YoSigoUGR\",\"isPartOf\":{\"@id\":\"https:\\\/\\\/yosigo.ugr.es\\\/#website\"},\"datePublished\":\"2026-05-08T11:53:09+00:00\",\"dateModified\":\"2026-05-08T11:53:37+00:00\",\"breadcrumb\":{\"@id\":\"https:\\\/\\\/yosigo.ugr.es\\\/registro\\\/#breadcrumb\"},\"inLanguage\":\"de\",\"potentialAction\":[{\"@type\":\"ReadAction\",\"target\":[\"https:\\\/\\\/yosigo.ugr.es\\\/registro\\\/\"]}]},{\"@type\":\"BreadcrumbList\",\"@id\":\"https:\\\/\\\/yosigo.ugr.es\\\/registro\\\/#breadcrumb\",\"itemListElement\":[{\"@type\":\"ListItem\",\"position\":1,\"name\":\"Inicio\",\"item\":\"https:\\\/\\\/yosigo.ugr.es\\\/\"},{\"@type\":\"ListItem\",\"position\":2,\"name\":\"Registro\"}]},{\"@type\":\"WebSite\",\"@id\":\"https:\\\/\\\/yosigo.ugr.es\\\/#website\",\"url\":\"https:\\\/\\\/yosigo.ugr.es\\\/\",\"name\":\"#YoSigoUGR\",\"description\":\"Formaci\u00f3n abierta promovido por el Vicerrectorado de Investigaci\u00f3n y Transferencia y la Escuela Internacional de Posgrado de la UGR\",\"publisher\":{\"@id\":\"https:\\\/\\\/yosigo.ugr.es\\\/#organization\"},\"potentialAction\":[{\"@type\":\"SearchAction\",\"target\":{\"@type\":\"EntryPoint\",\"urlTemplate\":\"https:\\\/\\\/yosigo.ugr.es\\\/?s={search_term_string}\"},\"query-input\":{\"@type\":\"PropertyValueSpecification\",\"valueRequired\":true,\"valueName\":\"search_term_string\"}}],\"inLanguage\":\"de\"},{\"@type\":\"Organization\",\"@id\":\"https:\\\/\\\/yosigo.ugr.es\\\/#organization\",\"name\":\"#YoSigoUGR\",\"url\":\"https:\\\/\\\/yosigo.ugr.es\\\/\",\"logo\":{\"@type\":\"ImageObject\",\"inLanguage\":\"de\",\"@id\":\"https:\\\/\\\/yosigo.ugr.es\\\/#\\\/schema\\\/logo\\\/image\\\/\",\"url\":\"https:\\\/\\\/yosigo.ugr.es\\\/wp-content\\\/uploads\\\/2024\\\/01\\\/yosigo-web-24.png\",\"contentUrl\":\"https:\\\/\\\/yosigo.ugr.es\\\/wp-content\\\/uploads\\\/2024\\\/01\\\/yosigo-web-24.png\",\"width\":250,\"height\":38,\"caption\":\"#YoSigoUGR\"},\"image\":{\"@id\":\"https:\\\/\\\/yosigo.ugr.es\\\/#\\\/schema\\\/logo\\\/image\\\/\"}}]}<\/script>\n<!-- \/ Yoast SEO plugin. -->","yoast_head_json":{"title":"Anmeldung - #YoSigoUGR","robots":{"index":"index","follow":"follow","max-snippet":"max-snippet:-1","max-image-preview":"max-image-preview:large","max-video-preview":"max-video-preview:-1"},"canonical":"https:\/\/yosigo.ugr.es\/de\/anmeldung\/","og_locale":"de_DE","og_type":"article","og_title":"Registro - #YoSigoUGR","og_description":"Informaci\u00f3n b\u00e1sica sobre protecci\u00f3n de sus datos personales aportados &nbsp; Responsable Universidad de Granada Legitimaci\u00f3n La Universidad se encuentra legitimada para el tratamiento de sus datos personales por ser necesario para el cumplimiento de una misi\u00f3n realizada en inter\u00e9s p\u00fablico o en el ejercicio de los poderes p\u00fablicos conferidos al responsable del mismo:&nbsp;Art. 6.1 e) [&hellip;]","og_url":"https:\/\/yosigo.ugr.es\/de\/anmeldung\/","og_site_name":"#YoSigoUGR","article_modified_time":"2026-05-08T11:53:37+00:00","twitter_card":"summary_large_image","twitter_misc":{"Gesch\u00e4tzte Lesezeit":"1\u00a0Minute"},"schema":{"@context":"https:\/\/schema.org","@graph":[{"@type":"WebPage","@id":"https:\/\/yosigo.ugr.es\/registro\/","url":"https:\/\/yosigo.ugr.es\/registro\/","name":"Anmeldung - #YoSigoUGR","isPartOf":{"@id":"https:\/\/yosigo.ugr.es\/#website"},"datePublished":"2026-05-08T11:53:09+00:00","dateModified":"2026-05-08T11:53:37+00:00","breadcrumb":{"@id":"https:\/\/yosigo.ugr.es\/registro\/#breadcrumb"},"inLanguage":"de","potentialAction":[{"@type":"ReadAction","target":["https:\/\/yosigo.ugr.es\/registro\/"]}]},{"@type":"BreadcrumbList","@id":"https:\/\/yosigo.ugr.es\/registro\/#breadcrumb","itemListElement":[{"@type":"ListItem","position":1,"name":"Inicio","item":"https:\/\/yosigo.ugr.es\/"},{"@type":"ListItem","position":2,"name":"Registro"}]},{"@type":"WebSite","@id":"https:\/\/yosigo.ugr.es\/#website","url":"https:\/\/yosigo.ugr.es\/","name":"#YoSigoUGR","description":"Offene Ausbildung gef\u00f6rdert durch das Vizerektorat f\u00fcr Forschung und Transfer und die International Graduate School der UGR.","publisher":{"@id":"https:\/\/yosigo.ugr.es\/#organization"},"potentialAction":[{"@type":"SearchAction","target":{"@type":"EntryPoint","urlTemplate":"https:\/\/yosigo.ugr.es\/?s={search_term_string}"},"query-input":{"@type":"PropertyValueSpecification","valueRequired":true,"valueName":"search_term_string"}}],"inLanguage":"de"},{"@type":"Organization","@id":"https:\/\/yosigo.ugr.es\/#organization","name":"#YoSigoUGR","url":"https:\/\/yosigo.ugr.es\/","logo":{"@type":"ImageObject","inLanguage":"de","@id":"https:\/\/yosigo.ugr.es\/#\/schema\/logo\/image\/","url":"https:\/\/yosigo.ugr.es\/wp-content\/uploads\/2024\/01\/yosigo-web-24.png","contentUrl":"https:\/\/yosigo.ugr.es\/wp-content\/uploads\/2024\/01\/yosigo-web-24.png","width":250,"height":38,"caption":"#YoSigoUGR"},"image":{"@id":"https:\/\/yosigo.ugr.es\/#\/schema\/logo\/image\/"}}]}},"_links":{"self":[{"href":"https:\/\/yosigo.ugr.es\/de\/wp-json\/wp\/v2\/pages\/9048","targetHints":{"allow":["GET"]}}],"collection":[{"href":"https:\/\/yosigo.ugr.es\/de\/wp-json\/wp\/v2\/pages"}],"about":[{"href":"https:\/\/yosigo.ugr.es\/de\/wp-json\/wp\/v2\/types\/page"}],"author":[{"embeddable":true,"href":"https:\/\/yosigo.ugr.es\/de\/wp-json\/wp\/v2\/users\/1"}],"replies":[{"embeddable":true,"href":"https:\/\/yosigo.ugr.es\/de\/wp-json\/wp\/v2\/comments?post=9048"}],"version-history":[{"count":2,"href":"https:\/\/yosigo.ugr.es\/de\/wp-json\/wp\/v2\/pages\/9048\/revisions"}],"predecessor-version":[{"id":9050,"href":"https:\/\/yosigo.ugr.es\/de\/wp-json\/wp\/v2\/pages\/9048\/revisions\/9050"}],"wp:attachment":[{"href":"https:\/\/yosigo.ugr.es\/de\/wp-json\/wp\/v2\/media?parent=9048"}],"curies":[{"name":"wp","href":"https:\/\/api.w.org\/{rel}","templated":true}]}}