{"id":618,"date":"2021-03-15T09:06:35","date_gmt":"2021-03-15T09:06:35","guid":{"rendered":"http:\/\/yosigopublicando.ugr.es\/?page_id=618"},"modified":"2024-02-01T10:18:02","modified_gmt":"2024-02-01T09:18:02","slug":"uber-yosigopublicando","status":"publish","type":"page","link":"https:\/\/yosigo.ugr.es\/de\/sobre-yosigopublicando\/","title":{"rendered":"\u00dcber #YoSigoUGR"},"content":{"rendered":"<h3 class=\"wp-block-heading has-text-align-left\">Was definiert #YoSigoUGR?<\/h3>\n\n\n\n<pre class=\"wp-block-verse\"><strong>Kurse mit \u00fcbergreifenden Themen. <\/strong>Unsere Kurse konzentrieren sich auf Querschnittsthemen, die alle wissenschaftlichen und akademischen Gemeinschaften betreffen, wobei wir uns vor allem auf Fragen im Zusammenhang mit der Ver\u00f6ffentlichung, der Kommunikation, der Bewertung wissenschaftlicher Ergebnisse und der Lehrmethoden spezialisieren, immer aus einer angewandten und praktischen Perspektive. Wir bieten auch Kurse \u00fcber Arbeitsorganisation, Entwicklung von F&amp;E-Projekten, wissenschaftliche Karrieren, Forschungsmethoden, E-Learning und vieles mehr an.<\/pre>\n\n\n\n<pre class=\"wp-block-verse\"><strong>Bildung und offene Wissenschaft. <\/strong>Alle #YoSigoUGR-Kurse werden \u00fcber Google Meet aufgezeichnet und anschlie\u00dfend von Google Meet aufgezeichnet. <a href=\"https:\/\/www.youtube.com\/channel\/UC3ksD2Urr8T8tqREfHqFTQA\/featured\">werden auf YouTube hochgeladen<\/a> und werden in diese Plattform aufgenommen, um alle erstellten Materialien zu zentralisieren. Die Kurse werden unter Verwendung von Creative-Commons-Lizenzen offen f\u00fcr die gesamte Gemeinschaft aufgezeichnet und tragen somit zu einem Modell der Bildung und offenen Wissenschaft bei, das der heutigen Zeit und einer \u00f6ffentlichen Universit\u00e4t entspricht.<\/pre>\n\n\n\n<pre class=\"wp-block-verse\"><strong>Dynamische Gemeinschaft von unten nach oben<\/strong>. Wir legen Wert auf den Aufbau einer Gemeinschaft durch eine partizipatorische Dynamik, die sowohl die Sch\u00fcler als auch die Lehrer dazu ermutigt, sowohl als Bedarfsermittler als auch als Lehrer aufzutreten und das Beste aus ihren Erfahrungen und ihrem Wissen in die Gruppe einzubringen. Es ist also eine Gemeinschaft <em>Peer-to-Peer <\/em>Sie k\u00f6nnen unsere Gemeinschaft kennenlernen, mit ihr interagieren und sich an ihr beteiligen unter <a href=\"https:\/\/t.me\/yosigopublicando\">Telegramm<\/a> wo wir Zweifel und Fragen beantworten, Informationen verbreiten und so weiter. <\/pre>\n\n\n\n<pre class=\"wp-block-verse\"><strong>Globale Lerngemeinschaft<\/strong>Ein weiteres Merkmal von #YoSigoUGR ist die Tatsache, dass die Teilnahme an seiner Gemeinschaft und die Teilnahme an oder das Unterrichten von Kursen nicht auf Studenten und Forscher der Universit\u00e4t Granada beschr\u00e4nkt ist. Alle Studenten und Professoren aller europ\u00e4ischen und lateinamerikanischen Universit\u00e4ten k\u00f6nnen sich frei beteiligen. Wir sind auch offen f\u00fcr andere Berufsgruppen.<\/pre>\n\n\n\n<h3 class=\"wp-block-heading\">Der Ursprung der Plattform<\/h3>\n\n\n\n<p>Das Projekt<strong> #yosigopublicando<\/strong> (derzeit #YoSigoUGR ) wurde als Reaktion auf die Situation der Enge geboren, in die wir im M\u00e4rz 2020 aufgrund der COVID19-Pandemie gezwungen waren. Damals bestand das Ziel darin, die Kurse der <em>Forschungsf\u00f6rderungsplan des <\/em><a href=\"https:\/\/investigacion.ugr.es\/\"><em>Prorektorat f\u00fcr Forschung und Transfer<\/em><\/a>die seinerzeit von <strong>Daniel Torres-Salinas <\/strong>wer die Initiative leiten w\u00fcrde. Daher zielten diese virtuellen Kurse darauf ab, zwei Gemeinschaften mit gemeinsamen, aber unterschiedlichen Interessen zu bedienen: Forscher mit etablierteren Karrieren und Postgraduierte, die sich in der Anfangsphase ihrer Forschungs- oder Berufslaufbahn befinden.  <\/p>\n\n\n\n<p>Eines der bemerkenswertesten Merkmale unserer Gemeinschaft war die schnelle Reaktion auf die COVID-Krise19 , denn wir starteten den ersten Kurs am 24. M\u00e4rz, weniger als zwei Wochen nach der unerwarteten Einschlie\u00dfung. <strong>#yosigopublicando<\/strong> f\u00fcr das akademische Jahr 2020\/2021 im gleichen Format und mit der gleichen Struktur fortgesetzt.  Dank der institutionellen und unmissverst\u00e4ndlichen Unterst\u00fctzung der <a href=\"https:\/\/investigacion.ugr.es\/\">Prorektorat f\u00fcr Forschung und Transfer<\/a>sowie die <a href=\"https:\/\/escuelaposgrado.ugr.es\/\">Internationale Graduiertenschule,<\/a> die Initiative hat, obwohl sie eine hausgemachte Notfall- und aktionsorientierte Reaktion ist, eine gro\u00dfe Verbreitung und hohe Teilnahme- und Akzeptanzraten erreicht. Mit dem Regierungswechsel an der Universit\u00e4t Granada im Jahr 2023 wird die Initiative #YoSigoUGR weiterhin von drei Vizerektoraten unterst\u00fctzt (1) Vizerektorat f\u00fcr soziale Innovation, Besch\u00e4ftigungsf\u00e4higkeit und Unternehmertum (2) Vizerektorat f\u00fcr Forschung und Transfer (3) Vizerektorat f\u00fcr postgraduale Studien und lebenslanges Lernen.<\/p>\n\n\n\n<h3 class=\"wp-block-heading\"> Lehrinnovation und spezieller Aktionsplan<\/h3>\n\n\n\n<p>Gerade um die Arbeit der Kommission fortsetzen zu k\u00f6nnen, ist es notwendig, die <strong>#yosigopublicando<\/strong> f\u00fcr das akademische Jahr 2020\/2021 wurde ein Antrag auf einen <a href=\"https:\/\/calidad.ugr.es\/areas\/formacion-innovacion-docente\/innovacion-docente\">Projekt \"Innovation und gute Unterrichtspraxis\" im Rahmen des Programms \"Fortgeschrittene und koordinierte Lehrinnovationsprojekte\".<\/a>die im Rahmen einer Aufforderung zur Einreichung von Vorschl\u00e4gen von der <a href=\"https:\/\/calidad.ugr.es\/\">Referat Qualit\u00e4t, Lehrinnovation und Vorausschau<\/a>. Das Projekt wurde von Daniel Torres-Salinas unter dem Titel \".<em>yosigopublicando: Plattform f\u00fcr die Ausbildung von Forschern und Postgraduierten\/Masterstudenten<\/em>\"und es war <a href=\"https:\/\/calidad.ugr.es\/sites\/webugr\/calidad\/public\/inline-files\/resolucion_definitiva_pid_A_y_C_2020-3.pdf\">endg\u00fcltig vergeben am 18. Dezember 2020 mit einem Finanzbetrag von 3.000 Euro und Code 20-140<\/a>. Das Projekt wurde zus\u00e4tzlich mit einem Zuschuss von 1.500 Euro durch eine Sonderaktion des Plan Propio de Investigaci\u00f3n y Transferencia (Forschungs- und Transferplan) gef\u00f6rdert. Die Plattform, die Sie derzeit nutzen und die wir im akademischen Jahr 2021\/2022 (3. Saison) eingeweiht haben. Wir m\u00f6chten uns bedanken bei <a href=\"https:\/\/si2soluciones.es\/\">SI2<\/a>der Superfirma, die f\u00fcr die Webentwicklung zust\u00e4ndig ist. Die Plattform hat sich im Laufe des akademischen Jahres mit einem weiteren Projekt zur Lehrinnovation weiterentwickelt, das dieselben Merkmale wie das vorherige aufweist, mit 3000 Euro f\u00fcr das akademische Jahr 2022-2023 finanziert und von Professor Nicol\u00e1s Robinson geleitet wird. <\/p>\n\n\n\n<h3 class=\"wp-block-heading\"> Einige Meilensteine der Entwicklung<\/h3>\n\n\n\n<ul class=\"wp-block-list\">\n<li>M\u00e4rz 2020 - Die Initiative wird w\u00e4hrend der COVID ins Leben gerufen<\/li>\n\n\n\n<li>April 2020 - Telegrammgruppe gegr\u00fcndet<\/li>\n\n\n\n<li>April - Einsetzung einer Untersuchungskommission <\/li>\n\n\n\n<li>Januar 2021 wird die Plattform entwickelt, um die Profilerstellung zu erm\u00f6glichen.<\/li>\n\n\n\n<li>Februar 2021 Alle Videos werden auf einen eigenen youtbe-Kanal hochgeladen. <\/li>\n\n\n\n<li>Januar 2022 - Neue Funktionen wie Communities werden entwickelt.<\/li>\n\n\n\n<li>Juni 2023 - Ein Newsletter wird erstellt<\/li>\n\n\n\n<li>September 2023 - Erneuerung der 10 Mitglieder der Untersuchungskommission<\/li>\n\n\n\n<li>September 2023 - Die Themen werden um Unterrichtsfragen erweitert<\/li>\n\n\n\n<li>Februar 2024 - Wir \u00e4ndern den Namen in <strong>#YosigoUGR<\/strong><\/li>\n<\/ul>\n\n\n\n<h3 class=\"wp-block-heading\">Kumulierte Daten<\/h3>\n\n\n\n<ul class=\"wp-block-list\">\n<li><strong>2021<\/strong>\n<ul class=\"wp-block-list\">\n<li>110 Kurse organisiert und auf Youtube hochgeladen<\/li>\n\n\n\n<li>1.163 Nutzer mit einem aktiven Profil auf der neuen Website <\/li>\n\n\n\n<li>Ein Kollektiv von 67 Lehrern<\/li>\n<\/ul>\n<\/li>\n\n\n\n<li><strong>2022  <\/strong>\n<ul class=\"wp-block-list\">\n<li>135 Kurse organisiert und auf YouTube hochgeladen<\/li>\n\n\n\n<li>4047 Nutzer mit aktivem Profil auf der neuen Website<\/li>\n\n\n\n<li>Ein Kollektiv von 92 Lehrern<\/li>\n<\/ul>\n<\/li>\n\n\n\n<li><strong>2023<\/strong>\n<ul class=\"wp-block-list\">\n<li>184 Kurse organisiert und auf YouTube hochgeladen<\/li>\n\n\n\n<li>5001 Nutzer mit aktivem Profil auf der neuen Website<\/li>\n\n\n\n<li>Ein Kollektiv von 121 Lehrern<\/li>\n<\/ul>\n<\/li>\n\n\n\n<li><strong>2024 <\/strong>\n<ul class=\"wp-block-list\">\n<li>Noch nicht abgeschlossener Kurs<\/li>\n<\/ul>\n<\/li>\n<\/ul>","protected":false},"excerpt":{"rendered":"<p>\u00bfQu\u00e9 define a #YoSigoUGR? Cursos con temas transversales. Nuestros cursos est\u00e1n centrados en temas transversales que afectan a todas las comunidades cient\u00edficas y aca\u00e9micas, especializ\u00e1ndonos sobre todo en temas relacionados con la publicaci\u00f3n, comunicaci\u00f3n, evaluaci\u00f3n de resultados cient\u00edficos y m\u00e9todos docentes siempre desde una perspectiva aplicada y pr\u00e1ctica. Asimismo ofrecemos cursos de organizaci\u00f3n del trabajo, [&hellip;]<\/p>\n","protected":false},"author":1,"featured_media":0,"parent":0,"menu_order":0,"comment_status":"closed","ping_status":"closed","template":"","meta":{"site-sidebar-layout":"no-sidebar","site-content-layout":"page-builder","ast-site-content-layout":"","site-content-style":"default","site-sidebar-style":"default","ast-global-header-display":"","ast-banner-title-visibility":"","ast-main-header-display":"","ast-hfb-above-header-display":"","ast-hfb-below-header-display":"","ast-hfb-mobile-header-display":"","site-post-title":"disabled","ast-breadcrumbs-content":"","ast-featured-img":"disabled","footer-sml-layout":"","theme-transparent-header-meta":"default","adv-header-id-meta":"","stick-header-meta":"","header-above-stick-meta":"","header-main-stick-meta":"","header-below-stick-meta":"","astra-migrate-meta-layouts":"default","ast-page-background-enabled":"default","ast-page-background-meta":{"desktop":{"background-color":"","background-image":"","background-repeat":"repeat","background-position":"center center","background-size":"auto","background-attachment":"scroll","background-type":"","background-media":"","overlay-type":"","overlay-color":"","overlay-opacity":"","overlay-gradient":""},"tablet":{"background-color":"","background-image":"","background-repeat":"repeat","background-position":"center center","background-size":"auto","background-attachment":"scroll","background-type":"","background-media":"","overlay-type":"","overlay-color":"","overlay-opacity":"","overlay-gradient":""},"mobile":{"background-color":"","background-image":"","background-repeat":"repeat","background-position":"center center","background-size":"auto","background-attachment":"scroll","background-type":"","background-media":"","overlay-type":"","overlay-color":"","overlay-opacity":"","overlay-gradient":""}},"ast-content-background-meta":{"desktop":{"background-color":"var(--ast-global-color-5)","background-image":"","background-repeat":"repeat","background-position":"center center","background-size":"auto","background-attachment":"scroll","background-type":"","background-media":"","overlay-type":"","overlay-color":"","overlay-opacity":"","overlay-gradient":""},"tablet":{"background-color":"var(--ast-global-color-5)","background-image":"","background-repeat":"repeat","background-position":"center center","background-size":"auto","background-attachment":"scroll","background-type":"","background-media":"","overlay-type":"","overlay-color":"","overlay-opacity":"","overlay-gradient":""},"mobile":{"background-color":"var(--ast-global-color-5)","background-image":"","background-repeat":"repeat","background-position":"center center","background-size":"auto","background-attachment":"scroll","background-type":"","background-media":"","overlay-type":"","overlay-color":"","overlay-opacity":"","overlay-gradient":""}},"footnotes":""},"class_list":["post-618","page","type-page","status-publish","hentry"],"yoast_head":"<!-- This site is optimized with the Yoast SEO plugin v27.6 - https:\/\/yoast.com\/product\/yoast-seo-wordpress\/ -->\n<title>Sobre #YoSigoUGR - #YoSigoUGR<\/title>\n<meta name=\"robots\" content=\"index, follow, max-snippet:-1, max-image-preview:large, max-video-preview:-1\" \/>\n<link rel=\"canonical\" href=\"https:\/\/yosigo.ugr.es\/de\/uber-yosigopublicando\/\" \/>\n<meta property=\"og:locale\" content=\"de_DE\" \/>\n<meta property=\"og:type\" content=\"article\" \/>\n<meta property=\"og:title\" content=\"Sobre #YoSigoUGR - #YoSigoUGR\" \/>\n<meta property=\"og:description\" content=\"\u00bfQu\u00e9 define a #YoSigoUGR? Cursos con temas transversales. Nuestros cursos est\u00e1n centrados en temas transversales que afectan a todas las comunidades cient\u00edficas y aca\u00e9micas, especializ\u00e1ndonos sobre todo en temas relacionados con la publicaci\u00f3n, comunicaci\u00f3n, evaluaci\u00f3n de resultados cient\u00edficos y m\u00e9todos docentes siempre desde una perspectiva aplicada y pr\u00e1ctica. Asimismo ofrecemos cursos de organizaci\u00f3n del trabajo, [&hellip;]\" \/>\n<meta property=\"og:url\" content=\"https:\/\/yosigo.ugr.es\/de\/uber-yosigopublicando\/\" \/>\n<meta property=\"og:site_name\" content=\"#YoSigoUGR\" \/>\n<meta property=\"article:modified_time\" content=\"2024-02-01T09:18:02+00:00\" \/>\n<meta name=\"twitter:card\" content=\"summary_large_image\" \/>\n<meta name=\"twitter:label1\" content=\"Gesch\u00e4tzte Lesezeit\" \/>\n\t<meta name=\"twitter:data1\" content=\"3\u00a0Minuten\" \/>\n<script type=\"application\/ld+json\" class=\"yoast-schema-graph\">{\"@context\":\"https:\\\/\\\/schema.org\",\"@graph\":[{\"@type\":\"WebPage\",\"@id\":\"https:\\\/\\\/yosigo.ugr.es\\\/sobre-yosigopublicando\\\/\",\"url\":\"https:\\\/\\\/yosigo.ugr.es\\\/sobre-yosigopublicando\\\/\",\"name\":\"Sobre #YoSigoUGR - #YoSigoUGR\",\"isPartOf\":{\"@id\":\"https:\\\/\\\/yosigo.ugr.es\\\/#website\"},\"datePublished\":\"2021-03-15T09:06:35+00:00\",\"dateModified\":\"2024-02-01T09:18:02+00:00\",\"breadcrumb\":{\"@id\":\"https:\\\/\\\/yosigo.ugr.es\\\/sobre-yosigopublicando\\\/#breadcrumb\"},\"inLanguage\":\"de\",\"potentialAction\":[{\"@type\":\"ReadAction\",\"target\":[\"https:\\\/\\\/yosigo.ugr.es\\\/sobre-yosigopublicando\\\/\"]}]},{\"@type\":\"BreadcrumbList\",\"@id\":\"https:\\\/\\\/yosigo.ugr.es\\\/sobre-yosigopublicando\\\/#breadcrumb\",\"itemListElement\":[{\"@type\":\"ListItem\",\"position\":1,\"name\":\"Inicio\",\"item\":\"https:\\\/\\\/yosigo.ugr.es\\\/\"},{\"@type\":\"ListItem\",\"position\":2,\"name\":\"Sobre #YoSigoUGR\"}]},{\"@type\":\"WebSite\",\"@id\":\"https:\\\/\\\/yosigo.ugr.es\\\/#website\",\"url\":\"https:\\\/\\\/yosigo.ugr.es\\\/\",\"name\":\"#YoSigoUGR\",\"description\":\"Formaci\u00f3n abierta promovido por el Vicerrectorado de Investigaci\u00f3n y Transferencia y la Escuela Internacional de Posgrado de la UGR\",\"publisher\":{\"@id\":\"https:\\\/\\\/yosigo.ugr.es\\\/#organization\"},\"potentialAction\":[{\"@type\":\"SearchAction\",\"target\":{\"@type\":\"EntryPoint\",\"urlTemplate\":\"https:\\\/\\\/yosigo.ugr.es\\\/?s={search_term_string}\"},\"query-input\":{\"@type\":\"PropertyValueSpecification\",\"valueRequired\":true,\"valueName\":\"search_term_string\"}}],\"inLanguage\":\"de\"},{\"@type\":\"Organization\",\"@id\":\"https:\\\/\\\/yosigo.ugr.es\\\/#organization\",\"name\":\"#YoSigoUGR\",\"url\":\"https:\\\/\\\/yosigo.ugr.es\\\/\",\"logo\":{\"@type\":\"ImageObject\",\"inLanguage\":\"de\",\"@id\":\"https:\\\/\\\/yosigo.ugr.es\\\/#\\\/schema\\\/logo\\\/image\\\/\",\"url\":\"https:\\\/\\\/yosigo.ugr.es\\\/wp-content\\\/uploads\\\/2024\\\/01\\\/yosigo-web-24.png\",\"contentUrl\":\"https:\\\/\\\/yosigo.ugr.es\\\/wp-content\\\/uploads\\\/2024\\\/01\\\/yosigo-web-24.png\",\"width\":250,\"height\":38,\"caption\":\"#YoSigoUGR\"},\"image\":{\"@id\":\"https:\\\/\\\/yosigo.ugr.es\\\/#\\\/schema\\\/logo\\\/image\\\/\"}}]}<\/script>\n<!-- \/ Yoast SEO plugin. -->","yoast_head_json":{"title":"\u00dcber #YoSigoUGR - #YoSigoUGR","robots":{"index":"index","follow":"follow","max-snippet":"max-snippet:-1","max-image-preview":"max-image-preview:large","max-video-preview":"max-video-preview:-1"},"canonical":"https:\/\/yosigo.ugr.es\/de\/uber-yosigopublicando\/","og_locale":"de_DE","og_type":"article","og_title":"Sobre #YoSigoUGR - #YoSigoUGR","og_description":"\u00bfQu\u00e9 define a #YoSigoUGR? Cursos con temas transversales. Nuestros cursos est\u00e1n centrados en temas transversales que afectan a todas las comunidades cient\u00edficas y aca\u00e9micas, especializ\u00e1ndonos sobre todo en temas relacionados con la publicaci\u00f3n, comunicaci\u00f3n, evaluaci\u00f3n de resultados cient\u00edficos y m\u00e9todos docentes siempre desde una perspectiva aplicada y pr\u00e1ctica. Asimismo ofrecemos cursos de organizaci\u00f3n del trabajo, [&hellip;]","og_url":"https:\/\/yosigo.ugr.es\/de\/uber-yosigopublicando\/","og_site_name":"#YoSigoUGR","article_modified_time":"2024-02-01T09:18:02+00:00","twitter_card":"summary_large_image","twitter_misc":{"Gesch\u00e4tzte Lesezeit":"3\u00a0Minuten"},"schema":{"@context":"https:\/\/schema.org","@graph":[{"@type":"WebPage","@id":"https:\/\/yosigo.ugr.es\/sobre-yosigopublicando\/","url":"https:\/\/yosigo.ugr.es\/sobre-yosigopublicando\/","name":"\u00dcber #YoSigoUGR - #YoSigoUGR","isPartOf":{"@id":"https:\/\/yosigo.ugr.es\/#website"},"datePublished":"2021-03-15T09:06:35+00:00","dateModified":"2024-02-01T09:18:02+00:00","breadcrumb":{"@id":"https:\/\/yosigo.ugr.es\/sobre-yosigopublicando\/#breadcrumb"},"inLanguage":"de","potentialAction":[{"@type":"ReadAction","target":["https:\/\/yosigo.ugr.es\/sobre-yosigopublicando\/"]}]},{"@type":"BreadcrumbList","@id":"https:\/\/yosigo.ugr.es\/sobre-yosigopublicando\/#breadcrumb","itemListElement":[{"@type":"ListItem","position":1,"name":"Inicio","item":"https:\/\/yosigo.ugr.es\/"},{"@type":"ListItem","position":2,"name":"Sobre #YoSigoUGR"}]},{"@type":"WebSite","@id":"https:\/\/yosigo.ugr.es\/#website","url":"https:\/\/yosigo.ugr.es\/","name":"#YoSigoUGR","description":"Offene Ausbildung gef\u00f6rdert durch das Vizerektorat f\u00fcr Forschung und Transfer und die International Graduate School der UGR.","publisher":{"@id":"https:\/\/yosigo.ugr.es\/#organization"},"potentialAction":[{"@type":"SearchAction","target":{"@type":"EntryPoint","urlTemplate":"https:\/\/yosigo.ugr.es\/?s={search_term_string}"},"query-input":{"@type":"PropertyValueSpecification","valueRequired":true,"valueName":"search_term_string"}}],"inLanguage":"de"},{"@type":"Organization","@id":"https:\/\/yosigo.ugr.es\/#organization","name":"#YoSigoUGR","url":"https:\/\/yosigo.ugr.es\/","logo":{"@type":"ImageObject","inLanguage":"de","@id":"https:\/\/yosigo.ugr.es\/#\/schema\/logo\/image\/","url":"https:\/\/yosigo.ugr.es\/wp-content\/uploads\/2024\/01\/yosigo-web-24.png","contentUrl":"https:\/\/yosigo.ugr.es\/wp-content\/uploads\/2024\/01\/yosigo-web-24.png","width":250,"height":38,"caption":"#YoSigoUGR"},"image":{"@id":"https:\/\/yosigo.ugr.es\/#\/schema\/logo\/image\/"}}]}},"_links":{"self":[{"href":"https:\/\/yosigo.ugr.es\/de\/wp-json\/wp\/v2\/pages\/618","targetHints":{"allow":["GET"]}}],"collection":[{"href":"https:\/\/yosigo.ugr.es\/de\/wp-json\/wp\/v2\/pages"}],"about":[{"href":"https:\/\/yosigo.ugr.es\/de\/wp-json\/wp\/v2\/types\/page"}],"author":[{"embeddable":true,"href":"https:\/\/yosigo.ugr.es\/de\/wp-json\/wp\/v2\/users\/1"}],"replies":[{"embeddable":true,"href":"https:\/\/yosigo.ugr.es\/de\/wp-json\/wp\/v2\/comments?post=618"}],"version-history":[{"count":0,"href":"https:\/\/yosigo.ugr.es\/de\/wp-json\/wp\/v2\/pages\/618\/revisions"}],"wp:attachment":[{"href":"https:\/\/yosigo.ugr.es\/de\/wp-json\/wp\/v2\/media?parent=618"}],"curies":[{"name":"wp","href":"https:\/\/api.w.org\/{rel}","templated":true}]}}