{"id":3262,"date":"2021-10-01T14:09:28","date_gmt":"2021-10-01T12:09:28","guid":{"rendered":"http:\/\/yosigopublicando.ugr.es\/registro\/"},"modified":"2022-06-07T13:38:09","modified_gmt":"2022-06-07T11:38:09","slug":"anmeldung","status":"publish","type":"page","link":"https:\/\/yosigo.ugr.es\/de\/anmeldung\/","title":{"rendered":"Register"},"content":{"rendered":"<div data-elementor-type=\"wp-page\" data-elementor-id=\"3262\" class=\"elementor elementor-3262\" data-elementor-post-type=\"page\">\n\t\t\t\t\t\t<section class=\"elementor-section elementor-top-section elementor-element elementor-element-5d8269f6 elementor-section-boxed elementor-section-height-default elementor-section-height-default\" data-id=\"5d8269f6\" data-element_type=\"section\">\n\t\t\t\t\t\t<div class=\"elementor-container elementor-column-gap-default\">\n\t\t\t\t\t<div class=\"elementor-column elementor-col-100 elementor-top-column elementor-element elementor-element-5f783d10\" data-id=\"5f783d10\" data-element_type=\"column\">\n\t\t\t<div class=\"elementor-widget-wrap elementor-element-populated\">\n\t\t\t\t\t\t<div class=\"elementor-element elementor-element-d116f4f elementor-widget elementor-widget-heading\" data-id=\"d116f4f\" data-element_type=\"widget\" data-widget_type=\"heading.default\">\n\t\t\t\t<div class=\"elementor-widget-container\">\n\t\t\t\t\t<h2 class=\"elementor-heading-title elementor-size-default\">Grundlegende Informationen zum Schutz Ihrer pers\u00f6nlichen Daten<\/h2>\t\t\t\t<\/div>\n\t\t\t\t<\/div>\n\t\t\t\t<div class=\"elementor-element elementor-element-546008d elementor-widget elementor-widget-text-editor\" data-id=\"546008d\" data-element_type=\"widget\" data-widget_type=\"text-editor.default\">\n\t\t\t\t<div class=\"elementor-widget-container\">\n\t\t\t\t\t\t\t\t\t<table><tbody><tr><td colspan=\"2\" width=\"621\"><p>\u00a0<\/p><\/td><\/tr><tr><td width=\"86\"><p><strong>Verantwortlich<\/strong><\/p><\/td><td width=\"536\"><p>Universit\u00e4t von Granada<\/p><\/td><\/tr><tr><td width=\"86\"><p><strong>Legitimation<\/strong><\/p><\/td><td width=\"536\"><p>Die Universit\u00e4t ist berechtigt, Ihre personenbezogenen Daten zu verarbeiten, weil dies f\u00fcr die Wahrnehmung einer Aufgabe erforderlich ist, die im \u00f6ffentlichen Interesse liegt oder in Aus\u00fcbung \u00f6ffentlicher Gewalt erfolgt, die dem f\u00fcr die Verarbeitung Verantwortlichen \u00fcbertragen wurde: <strong>Art. 6.1 e) der Allgemeinen Datenschutzverordnung<\/strong><\/p><\/td><\/tr><tr><td width=\"86\"><p><strong>Zweck<\/strong><\/p><\/td><td width=\"536\"><p>Verwalten Sie Ihren Registrierungsantrag auf der #yosigopublicando-Plattform.<\/p><\/td><\/tr><tr><td width=\"86\"><p><strong>Adressaten<\/strong><\/p><\/td><td width=\"536\"><p>Nicht vorhergesehen.<\/p><\/td><\/tr><tr><td width=\"86\"><p><strong>Rechte<\/strong><\/p><\/td><td width=\"536\"><p>Sie haben das Recht, Zugang, Widerspruch, Berichtigung, L\u00f6schung oder Einschr\u00e4nkung der Verarbeitung ihrer Daten zu verlangen, wie in den zus\u00e4tzlichen Informationen erl\u00e4utert.<\/p><\/td><\/tr><tr><td width=\"86\"><p><strong>Weitere Informationen<\/strong><\/p><\/td><td width=\"536\"><p>Zus\u00e4tzliche und ausf\u00fchrliche Informationen zum Datenschutz finden Sie unter folgender Adresse <a href=\"https:\/\/secretariageneral.ugr.es\/pages\/proteccion_datos\/leyendas-informativas\/_img\/informacionadicionalactividadesformativasextracurriculares\/%21\">Link<\/a><\/p><\/td><\/tr><\/tbody><\/table>\t\t\t\t\t\t\t\t<\/div>\n\t\t\t\t<\/div>\n\t\t\t\t<div class=\"elementor-element elementor-element-4ccb477 elementor-button-warning elementor-widget elementor-widget-button\" data-id=\"4ccb477\" data-element_type=\"widget\" data-widget_type=\"button.default\">\n\t\t\t\t<div class=\"elementor-widget-container\">\n\t\t\t\t\t\t\t\t\t<div class=\"elementor-button-wrapper\">\n\t\t\t\t\t<a class=\"elementor-button elementor-button-link elementor-size-sm\" href=\"#registro\">\n\t\t\t\t\t\t<span class=\"elementor-button-content-wrapper\">\n\t\t\t\t\t\t\t\t\t<span class=\"elementor-button-text\">Weiter mit dem Register<\/span>\n\t\t\t\t\t<\/span>\n\t\t\t\t\t<\/a>\n\t\t\t\t<\/div>\n\t\t\t\t\t\t\t\t<\/div>\n\t\t\t\t<\/div>\n\t\t\t\t<div class=\"elementor-element elementor-element-15161d21 elementor-widget elementor-widget-shortcode\" data-id=\"15161d21\" data-element_type=\"widget\" id=\"registro\" data-widget_type=\"shortcode.default\">\n\t\t\t\t<div class=\"elementor-widget-container\">\n\t\t\t\t\t\t\t<div class=\"elementor-shortcode\">\t<div class='user-registration ur-frontend-form' id='user-registration-form-3263'>\n\t\t\t\t\t\t\t\t<form method='post' class='register' data-form-id=\"3263\"\n\t\t\t\tdata-enable-strength-password=\"\" data-minimum-password-strength=\"3\"\n\t\t\t\t\t\t\t\t\t\t\t\t\t\t\t data-captcha-enabled=\"1\" action=\"\">\n\n\t\t\t\t<div class=\"ur-form-row\" data-row-id=\"0\">\t\t\t\t\t\t\t<div class=\"ur-form-grid ur-grid-1\"\n\t\t\t\t\t\t\t\tstyle=\"width:99%\">\n\t\t\t\t\t\t\t\t\t\t\t\t\t\t\t\t<div  data-field-id=\"first_name\" class=\"ur-field-item field-first_name\" data-ref-id=\"first_name\" data-field-pattern-enabled=\"0\" data-field-pattern-value=\" \" data-field-pattern-message=\" \">\n\t\t\t\t\t\t\t\t\t\t<div class=\"form-row\" id=\"first_name_field\" data-priority=\"\" ><label for=\"first_name\" class=\"ur-label\">Name<\/label> <span class=\"input-wrapper\"> <input  data-rules=\"\" data-id=\"first_name\" type=\"text\" class=\"input-text   input-text ur-frontend-field\" name=\"first_name\" id=\"first_name\" placeholder=\"\"  value=\"\" data-label=\"Nombre\" \/> <\/span> <\/div>\t\t\t\t\t\t\t\t\t<\/div>\n\t\t\t\t\t\t\t\t\t\t\t\t\t\t\t\t\t\t<div  data-field-id=\"last_name\" class=\"ur-field-item field-last_name\" data-ref-id=\"last_name\" data-field-pattern-enabled=\"0\" data-field-pattern-value=\" \" data-field-pattern-message=\" \">\n\t\t\t\t\t\t\t\t\t\t<div class=\"form-row\" id=\"last_name_field\" data-priority=\"\" ><label for=\"last_name\" class=\"ur-label\">Nachname<\/label> <span class=\"input-wrapper\"> <input  data-rules=\"\" data-id=\"last_name\" type=\"text\" class=\"input-text   input-text ur-frontend-field\" name=\"last_name\" id=\"last_name\" placeholder=\"\"  value=\"\" data-label=\"Apellidos\" \/> <\/span> <\/div>\t\t\t\t\t\t\t\t\t<\/div>\n\t\t\t\t\t\t\t\t\t\t\t\t\t\t\t\t\t\t<div  data-field-id=\"user_email\" class=\"ur-field-item field-user_email\" data-ref-id=\"user_email\" data-field-pattern-enabled=\"0\" data-field-pattern-value=\" \" data-field-pattern-message=\" \">\n\t\t\t\t\t\t\t\t\t\t<div class=\"form-row validate-required\" id=\"user_email_field\" data-priority=\"\" ><label for=\"user_email\" class=\"ur-label\">E-Mail Adresse <abbr class=\"required\" title=\"erforderlich\">*<\/abbr><\/label> <span class=\"input-wrapper\"> <input  data-rules=\"\" data-id=\"user_email\" type=\"email\" class=\"input-text   input-email ur-frontend-field\" name=\"user_email\" id=\"user_email\" placeholder=\"\"  value=\"\" required=\"required\" data-label=\"Correo electr\u00f3nico\" \/> <\/span> <\/div>\t\t\t\t\t\t\t\t\t<\/div>\n\t\t\t\t\t\t\t\t\t\t\t\t\t\t\t\t\t\t<div  data-field-id=\"user_pass\" class=\"ur-field-item field-user_pass\" data-ref-id=\"user_pass\" data-field-pattern-enabled=\"0\" data-field-pattern-value=\" \" data-field-pattern-message=\" \">\n\t\t\t\t\t\t\t\t\t\t<div class=\"form-row validate-required hide_show_password\" id=\"user_pass_field\" data-priority=\"\"><label for=\"user_pass\" class=\"ur-label\">Passwort <abbr class=\"required\" title=\"erforderlich\">*<\/abbr><\/label> <span class=\"input-wrapper\"> <span class=\"password-input-group input-form-field-icons\"><input data-rules=\"\" data-id=\"user_pass\" type=\"password\" class=\"input-text  input-password ur-frontend-field\" name=\"user_pass\" id=\"user_pass\" placeholder=\"\"  value=\"\" required=\"required\" data-label=\"Contrase\u00f1a\" \/><a href=\"javaScript:void(0)\" class=\"password_preview dashicons dashicons-hidden\" title=\" Passwort anzeigen \"><\/a><\/span> <\/span> <\/div>\t\t\t\t\t\t\t\t\t<\/div>\n\t\t\t\t\t\t\t\t\t\t\t\t\t\t\t\t\t\t<div  data-field-id=\"politicaprivacidad_registro\" class=\"ur-field-item field-privacy_policy\" data-ref-id=\"politicaprivacidad_registro\" data-field-pattern-enabled=\"0\" data-field-pattern-value=\" \" data-field-pattern-message=\" \">\n\t\t\t\t\t\t\t\t\t\t<div class=\"form-row validate-required\" id=\"politicaprivacidad_registro_field\" data-priority=\"\" ><label class=\"ur-label checkbox\" required=\"required\" data-label=\"Pol\u00edtica de privacidad\">\n\t\t\t\t\t\t\t<input data-rules=\"\" data-id=\"politicaprivacidad_registro\" required=\"required\" data-label=\"Pol\u00edtica de privacidad\" data-value=\"\" type=\"checkbox\" class=\"input-checkbox ur-frontend-field\" name=\"politicaprivacidad_registro\" id=\"politicaprivacidad_registro\" value=\"1\"  \/> Datenschutzbestimmungen <abbr class=\"required\" title=\"erforderlich\">*<\/abbr><\/label><span class=\"description\">Ich habe die Datenschutzbestimmungen gelesen und akzeptiere sie<\/span><\/div>\t\t\t\t\t\t\t\t\t<\/div>\n\t\t\t\t\t\t\t\t\t\t\t\t\t\t\t\t\t\t<div  data-field-id=\"newsletter_registro\" class=\"ur-field-item field-radio\" data-ref-id=\"newsletter_registro\" data-field-pattern-enabled=\"0\" data-field-pattern-value=\" \" data-field-pattern-message=\" \">\n\t\t\t\t\t\t\t\t\t\t<div class=\"form-row\" id=\"newsletter_registro_field\" data-priority=\"\" ><label for=\"No\" class=\"ur-label\">Ich m\u00f6chte mich f\u00fcr den Newsletter anmelden<\/label><ul><li class=\"ur-radio-list\"><input data-rules=\"\" data-id=\"newsletter_registro\" type=\"radio\" class=\"input-radio ur-frontend-field\" value=\"No\" name=\"newsletter_registro\" id=\"newsletter_registro_No\" data-label=\"Quiero inscribirme a la newsletter\" data-default=\"No\"  checked='checked' \/> <label for=\"newsletter_registro_No\" class=\"radio\">Nein<\/label><\/li><li class=\"ur-radio-list\"><input data-rules=\"\" data-id=\"newsletter_registro\" type=\"radio\" class=\"input-radio ur-frontend-field\" value=\"Si\" name=\"newsletter_registro\" id=\"newsletter_registro_Si\" data-label=\"Quiero inscribirme a la newsletter\" data-default=\"No\"  \/> <label for=\"newsletter_registro_Si\" class=\"radio\">Ja<\/label><\/li><\/ul><\/div>\t\t\t\t\t\t\t\t\t<\/div>\n\t\t\t\t\t\t\t\t\t\t\t\t\t\t\t\t<\/div>\n\t\t\t\t\t\t\t\t\t\t\t\t\t<\/div>\n\t\t\t\t\t\t\t\t\t\t\t\t<div id=\"ur-recaptcha-node\"> <div id=\"node_recaptcha_register\" class=\"g-recaptcha-v3\" style=\"display:none\"><textarea id=\"g-recaptcha-response\" name=\"g-recaptcha-response\" ><\/textarea><\/div><\/div>\t\t\t\t\t\t<div class=\"ur-button-container\" >\n\t\t\t\t\t\t\t\t\t\t\t\t\t\t<button type=\"submit\" class=\"btn button ur-submit-button\"  conditional_rules=\"&quot;&quot;\">\n\t\t\t\t\t\t\t\t<span><\/span>\n\t\t\t\t\t\t\t\tEinreichen\t\t\t\t\t\t\t<\/button>\n\t\t\t\t\t\t\t\t\t\t\t\t\t\t\t\t\t\t\t\t<\/div>\n\t\t\t\t\t\t\n\t\t\t\t<div style=\"clear:both\"><\/div>\n\t\t\t\t\t\t\t\t<input type=\"hidden\" name=\"ur-registration-language\" value=\"de\"\/>\n\t\t\t\t<input type=\"hidden\" name=\"ur-user-form-id\" value=\"3263\"\/>\n\t\t\t\t<input type=\"hidden\" name=\"ur-redirect-url\" value=\"https:\/\/yosigo.ugr.es\/de\/mein-konto-2\/\"\/>\n\t\t\t\t<input type=\"hidden\" id=\"ur_frontend_form_nonce\" name=\"ur_frontend_form_nonce\" value=\"1e3b71ed39\" \/>\n\t\t\t\t\n\t\t\t<input type=\"hidden\" name=\"trp-form-language\" value=\"de\"\/><\/form>\n\t\t\t\n\t\t<div style=\"clear:both\"><\/div>\n\t<\/div>\n\n<\/div>\n\t\t\t\t\t\t<\/div>\n\t\t\t\t<\/div>\n\t\t\t\t\t<\/div>\n\t\t<\/div>\n\t\t\t\t\t<\/div>\n\t\t<\/section>\n\t\t\t\t<\/div>","protected":false},"excerpt":{"rendered":"<p>Informaci\u00f3n b\u00e1sica sobre protecci\u00f3n de sus datos personales aportados \u00a0 Responsable Universidad de Granada Legitimaci\u00f3n La Universidad se encuentra legitimada para el tratamiento de sus datos personales por ser necesario para el cumplimiento de una misi\u00f3n realizada en inter\u00e9s p\u00fablico o en el ejercicio de los poderes p\u00fablicos conferidos al responsable del mismo: Art. 6.1 [&hellip;]<\/p>\n","protected":false},"author":1,"featured_media":0,"parent":0,"menu_order":0,"comment_status":"closed","ping_status":"closed","template":"elementor_header_footer","meta":{"site-sidebar-layout":"default","site-content-layout":"default","ast-site-content-layout":"","site-content-style":"default","site-sidebar-style":"default","ast-global-header-display":"","ast-banner-title-visibility":"","ast-main-header-display":"","ast-hfb-above-header-display":"","ast-hfb-below-header-display":"","ast-hfb-mobile-header-display":"","site-post-title":"","ast-breadcrumbs-content":"","ast-featured-img":"","footer-sml-layout":"","theme-transparent-header-meta":"default","adv-header-id-meta":"","stick-header-meta":"","header-above-stick-meta":"","header-main-stick-meta":"","header-below-stick-meta":"","astra-migrate-meta-layouts":"default","ast-page-background-enabled":"default","ast-page-background-meta":{"desktop":{"background-color":"","background-image":"","background-repeat":"repeat","background-position":"center center","background-size":"auto","background-attachment":"scroll","background-type":"","background-media":"","overlay-type":"","overlay-color":"","overlay-opacity":"","overlay-gradient":""},"tablet":{"background-color":"","background-image":"","background-repeat":"repeat","background-position":"center center","background-size":"auto","background-attachment":"scroll","background-type":"","background-media":"","overlay-type":"","overlay-color":"","overlay-opacity":"","overlay-gradient":""},"mobile":{"background-color":"","background-image":"","background-repeat":"repeat","background-position":"center center","background-size":"auto","background-attachment":"scroll","background-type":"","background-media":"","overlay-type":"","overlay-color":"","overlay-opacity":"","overlay-gradient":""}},"ast-content-background-meta":{"desktop":{"background-color":"var(--ast-global-color-5)","background-image":"","background-repeat":"repeat","background-position":"center center","background-size":"auto","background-attachment":"scroll","background-type":"","background-media":"","overlay-type":"","overlay-color":"","overlay-opacity":"","overlay-gradient":""},"tablet":{"background-color":"var(--ast-global-color-5)","background-image":"","background-repeat":"repeat","background-position":"center center","background-size":"auto","background-attachment":"scroll","background-type":"","background-media":"","overlay-type":"","overlay-color":"","overlay-opacity":"","overlay-gradient":""},"mobile":{"background-color":"var(--ast-global-color-5)","background-image":"","background-repeat":"repeat","background-position":"center center","background-size":"auto","background-attachment":"scroll","background-type":"","background-media":"","overlay-type":"","overlay-color":"","overlay-opacity":"","overlay-gradient":""}},"footnotes":""},"class_list":["post-3262","page","type-page","status-publish","hentry"],"yoast_head":"<!-- This site is optimized with the Yoast SEO plugin v27.1.1 - https:\/\/yoast.com\/product\/yoast-seo-wordpress\/ -->\n<title>Registro - #YoSigoUGR<\/title>\n<meta name=\"robots\" content=\"index, follow, max-snippet:-1, max-image-preview:large, max-video-preview:-1\" \/>\n<link rel=\"canonical\" href=\"http:\/\/yosigo.ugr.es\/de\/anmeldung-2\/\" \/>\n<meta property=\"og:locale\" content=\"de_DE\" \/>\n<meta property=\"og:type\" content=\"article\" \/>\n<meta property=\"og:title\" content=\"Registro - #YoSigoUGR\" \/>\n<meta property=\"og:description\" content=\"Informaci\u00f3n b\u00e1sica sobre protecci\u00f3n de sus datos personales aportados \u00a0 Responsable Universidad de Granada Legitimaci\u00f3n La Universidad se encuentra legitimada para el tratamiento de sus datos personales por ser necesario para el cumplimiento de una misi\u00f3n realizada en inter\u00e9s p\u00fablico o en el ejercicio de los poderes p\u00fablicos conferidos al responsable del mismo: Art. 6.1 [&hellip;]\" \/>\n<meta property=\"og:url\" content=\"http:\/\/yosigo.ugr.es\/de\/anmeldung-2\/\" \/>\n<meta property=\"og:site_name\" content=\"#YoSigoUGR\" \/>\n<meta property=\"article:modified_time\" content=\"2022-06-07T11:38:09+00:00\" \/>\n<meta name=\"twitter:card\" content=\"summary_large_image\" \/>\n<meta name=\"twitter:label1\" content=\"Gesch\u00e4tzte Lesezeit\" \/>\n\t<meta name=\"twitter:data1\" content=\"1\u00a0Minute\" \/>\n<script type=\"application\/ld+json\" class=\"yoast-schema-graph\">{\"@context\":\"https:\/\/schema.org\",\"@graph\":[{\"@type\":\"WebPage\",\"@id\":\"http:\/\/yosigo.ugr.es\/de\/anmeldung-2\/\",\"url\":\"http:\/\/yosigo.ugr.es\/de\/anmeldung-2\/\",\"name\":\"Registro - #YoSigoUGR\",\"isPartOf\":{\"@id\":\"https:\/\/yosigo.ugr.es\/#website\"},\"datePublished\":\"2021-10-01T12:09:28+00:00\",\"dateModified\":\"2022-06-07T11:38:09+00:00\",\"breadcrumb\":{\"@id\":\"http:\/\/yosigo.ugr.es\/de\/anmeldung-2\/#breadcrumb\"},\"inLanguage\":\"de\",\"potentialAction\":[{\"@type\":\"ReadAction\",\"target\":[\"http:\/\/yosigo.ugr.es\/de\/anmeldung-2\/\"]}]},{\"@type\":\"BreadcrumbList\",\"@id\":\"http:\/\/yosigo.ugr.es\/de\/anmeldung-2\/#breadcrumb\",\"itemListElement\":[{\"@type\":\"ListItem\",\"position\":1,\"name\":\"Inicio\",\"item\":\"https:\/\/yosigo.ugr.es\/\"},{\"@type\":\"ListItem\",\"position\":2,\"name\":\"Registro\"}]},{\"@type\":\"WebSite\",\"@id\":\"https:\/\/yosigo.ugr.es\/#website\",\"url\":\"https:\/\/yosigo.ugr.es\/\",\"name\":\"#YoSigoUGR\",\"description\":\"Formaci\u00f3n abierta promovido por el Vicerrectorado de Investigaci\u00f3n y Transferencia y la Escuela Internacional de Posgrado de la UGR\",\"publisher\":{\"@id\":\"https:\/\/yosigo.ugr.es\/#organization\"},\"potentialAction\":[{\"@type\":\"SearchAction\",\"target\":{\"@type\":\"EntryPoint\",\"urlTemplate\":\"https:\/\/yosigo.ugr.es\/?s={search_term_string}\"},\"query-input\":{\"@type\":\"PropertyValueSpecification\",\"valueRequired\":true,\"valueName\":\"search_term_string\"}}],\"inLanguage\":\"de\"},{\"@type\":\"Organization\",\"@id\":\"https:\/\/yosigo.ugr.es\/#organization\",\"name\":\"#YoSigoUGR\",\"url\":\"https:\/\/yosigo.ugr.es\/\",\"logo\":{\"@type\":\"ImageObject\",\"inLanguage\":\"de\",\"@id\":\"https:\/\/yosigo.ugr.es\/#\/schema\/logo\/image\/\",\"url\":\"https:\/\/yosigo.ugr.es\/wp-content\/uploads\/2024\/01\/yosigo-web-24.png\",\"contentUrl\":\"https:\/\/yosigo.ugr.es\/wp-content\/uploads\/2024\/01\/yosigo-web-24.png\",\"width\":250,\"height\":38,\"caption\":\"#YoSigoUGR\"},\"image\":{\"@id\":\"https:\/\/yosigo.ugr.es\/#\/schema\/logo\/image\/\"}}]}<\/script>\n<!-- \/ Yoast SEO plugin. -->","yoast_head_json":{"title":"Anmeldung - #YoSigoUGR","robots":{"index":"index","follow":"follow","max-snippet":"max-snippet:-1","max-image-preview":"max-image-preview:large","max-video-preview":"max-video-preview:-1"},"canonical":"http:\/\/yosigo.ugr.es\/de\/anmeldung-2\/","og_locale":"de_DE","og_type":"article","og_title":"Registro - #YoSigoUGR","og_description":"Informaci\u00f3n b\u00e1sica sobre protecci\u00f3n de sus datos personales aportados \u00a0 Responsable Universidad de Granada Legitimaci\u00f3n La Universidad se encuentra legitimada para el tratamiento de sus datos personales por ser necesario para el cumplimiento de una misi\u00f3n realizada en inter\u00e9s p\u00fablico o en el ejercicio de los poderes p\u00fablicos conferidos al responsable del mismo: Art. 6.1 [&hellip;]","og_url":"http:\/\/yosigo.ugr.es\/de\/anmeldung-2\/","og_site_name":"#YoSigoUGR","article_modified_time":"2022-06-07T11:38:09+00:00","twitter_card":"summary_large_image","twitter_misc":{"Gesch\u00e4tzte Lesezeit":"1\u00a0Minute"},"schema":{"@context":"https:\/\/schema.org","@graph":[{"@type":"WebPage","@id":"http:\/\/yosigo.ugr.es\/de\/anmeldung-2\/","url":"http:\/\/yosigo.ugr.es\/de\/anmeldung-2\/","name":"Anmeldung - #YoSigoUGR","isPartOf":{"@id":"https:\/\/yosigo.ugr.es\/#website"},"datePublished":"2021-10-01T12:09:28+00:00","dateModified":"2022-06-07T11:38:09+00:00","breadcrumb":{"@id":"http:\/\/yosigo.ugr.es\/de\/anmeldung-2\/#breadcrumb"},"inLanguage":"de","potentialAction":[{"@type":"ReadAction","target":["http:\/\/yosigo.ugr.es\/de\/anmeldung-2\/"]}]},{"@type":"BreadcrumbList","@id":"http:\/\/yosigo.ugr.es\/de\/anmeldung-2\/#breadcrumb","itemListElement":[{"@type":"ListItem","position":1,"name":"Inicio","item":"https:\/\/yosigo.ugr.es\/"},{"@type":"ListItem","position":2,"name":"Registro"}]},{"@type":"WebSite","@id":"https:\/\/yosigo.ugr.es\/#website","url":"https:\/\/yosigo.ugr.es\/","name":"#YoSigoUGR","description":"Offene Ausbildung gef\u00f6rdert durch das Vizerektorat f\u00fcr Forschung und Transfer und die International Graduate School der UGR.","publisher":{"@id":"https:\/\/yosigo.ugr.es\/#organization"},"potentialAction":[{"@type":"SearchAction","target":{"@type":"EntryPoint","urlTemplate":"https:\/\/yosigo.ugr.es\/?s={search_term_string}"},"query-input":{"@type":"PropertyValueSpecification","valueRequired":true,"valueName":"search_term_string"}}],"inLanguage":"de"},{"@type":"Organization","@id":"https:\/\/yosigo.ugr.es\/#organization","name":"#YoSigoUGR","url":"https:\/\/yosigo.ugr.es\/","logo":{"@type":"ImageObject","inLanguage":"de","@id":"https:\/\/yosigo.ugr.es\/#\/schema\/logo\/image\/","url":"https:\/\/yosigo.ugr.es\/wp-content\/uploads\/2024\/01\/yosigo-web-24.png","contentUrl":"https:\/\/yosigo.ugr.es\/wp-content\/uploads\/2024\/01\/yosigo-web-24.png","width":250,"height":38,"caption":"#YoSigoUGR"},"image":{"@id":"https:\/\/yosigo.ugr.es\/#\/schema\/logo\/image\/"}}]}},"_links":{"self":[{"href":"https:\/\/yosigo.ugr.es\/de\/wp-json\/wp\/v2\/pages\/3262","targetHints":{"allow":["GET"]}}],"collection":[{"href":"https:\/\/yosigo.ugr.es\/de\/wp-json\/wp\/v2\/pages"}],"about":[{"href":"https:\/\/yosigo.ugr.es\/de\/wp-json\/wp\/v2\/types\/page"}],"author":[{"embeddable":true,"href":"https:\/\/yosigo.ugr.es\/de\/wp-json\/wp\/v2\/users\/1"}],"replies":[{"embeddable":true,"href":"https:\/\/yosigo.ugr.es\/de\/wp-json\/wp\/v2\/comments?post=3262"}],"version-history":[{"count":0,"href":"https:\/\/yosigo.ugr.es\/de\/wp-json\/wp\/v2\/pages\/3262\/revisions"}],"wp:attachment":[{"href":"https:\/\/yosigo.ugr.es\/de\/wp-json\/wp\/v2\/media?parent=3262"}],"curies":[{"name":"wp","href":"https:\/\/api.w.org\/{rel}","templated":true}]}}