{"id":2121,"date":"2021-09-23T07:25:19","date_gmt":"2021-09-23T07:25:19","guid":{"rendered":"http:\/\/yosigopublicando.ugr.es\/?page_id=2121"},"modified":"2025-03-19T12:27:38","modified_gmt":"2025-03-19T11:27:38","slug":"allgemeine-richtlinien","status":"publish","type":"page","link":"https:\/\/yosigo.ugr.es\/de\/uber-yosigopublicando\/allgemeine-richtlinien\/","title":{"rendered":"Generelle Richtlinien"},"content":{"rendered":"<h3 class=\"wp-block-heading\" id=\"h.pv6fm9rzait2\">Zugang zu den Klassenzimmern<\/h3>\n\n\n\n<p id=\"h.uvpx0eebdq58\">Die Kurse werden mit Google Meet \u00fcbertragen. Der Zugang zu den Kursen erfolgt \u00fcber die <a href=\"http:\/\/yosigo.ugr.es\/de\/uber-yosigopublicando\/faq\/#meet\">Zugriffsbereich im Inhalt<\/a> die auf jedem der Kursbl\u00e4tter zu finden sind. Denken Sie daran, dass Sie den Link herausfinden k\u00f6nnen <a href=\"http:\/\/yosigo.ugr.es\/de\/uber-yosigopublicando\/faq\/#perfil\">Sie m\u00fcssen ein Profil erstellen <\/a>auf der Plattform und melden Sie sich dann bei der Plattform an.<\/p>\n\n\n\n<h3 class=\"wp-block-heading\" id=\"h.ms9h7ofs0pqo\"><a href=\"https:\/\/sites.google.com\/go.ugr.es\/yosigopublicando\/directrices#h.ms9h7ofs0pqo\"><\/a>10 Minuten<\/h3>\n\n\n\n<p id=\"h.enau3f6cxrl\">Die Sch\u00fcler m\u00fcssen sich 10 Minuten vor Beginn der Aktivit\u00e4ten anmelden, in dieser Zeit werden wir Probleme mit dem Zugang, der Verbindung usw. l\u00f6sen. Zur vorgesehenen Zeit beginnt der Unterricht und es werden keine Zweifel mehr \u00fcber den Zugang gekl\u00e4rt, damit die Aktivit\u00e4t nicht verz\u00f6gert oder unterbrochen wird.<\/p>\n\n\n\n<h3 class=\"wp-block-heading\">#yosigopublicando = Google Meet<\/h3>\n\n\n\n<p>Wir empfehlen Ihnen, sich bei Google Meet mit der gleichen E-Mail-Adresse anzumelden, mit der Sie sich auch auf dieser Plattform registriert haben. Stellen Sie au\u00dferdem sicher, dass Sie sich auf beiden Plattformen korrekt mit Ihrem Vor- und Nachnamen identifizieren. Dies erleichtert uns die Identifizierung der Teilnehmer und die Ausstellung der Zertifikate.<\/p>\n\n\n\n<h3 class=\"wp-block-heading\">Offene Sitzung<\/h3>\n\n\n\n<p id=\"h.d0adru2xodzt\">Bevorzugt wird immer die Gemeinschaft der Universit\u00e4t Granada. Das hei\u00dft, dass alle, die ein Konto bei einer <a href=\"https:\/\/go.ugr.es\/\">go.ugr.es<\/a>Das Meet-System erm\u00f6glicht Ihnen einen direkten Zugang. Wenn Sie von der UGR sind und noch kein Konto haben, empfehlen wir Ihnen, eines zu er\u00f6ffnen. Sollten die Pl\u00e4tze zu Beginn der Sitzung nicht besetzt sein, erlauben die Moderatoren der Sitzung jedem, der teilnehmen m\u00f6chte, dies zu tun, so dass diese Initiative auch f\u00fcr andere Gemeinschaften offen ist. Normalerweise erreichen wir nicht mehr als 250 Teilnehmer, so dass in der Regel Platz f\u00fcr alle ist. Wenn Sie von au\u00dferhalb kommen, werden wir Sie 10 Minuten vor Beginn der Sitzung einlassen. Falls Sie nicht aus der UGR kommen und keinen Zugang erhalten haben, k\u00f6nnen Sie sich jederzeit an die <a href=\"http:\/\/yosigopublicando.ugr.es\/videos\/\">Videos \u00f6ffnen<\/a>.<\/p>\n\n\n\n<h3 class=\"wp-block-heading\" id=\"h.1dazdvjdfry0\">Unterst\u00fctzung<\/h3>\n\n\n\n<p id=\"h.hdesk28e9724\"><a href=\"https:\/\/sites.google.com\/go.ugr.es\/yosigopublicando\/directrices#h.hdesk28e9724\"><\/a>W\u00e4hrend der Sitzung wird von den Moderatoren ein automatischer Z\u00e4hlappell durchgef\u00fchrt. Diese Informationen werden f\u00fcr die Ausstellung der Zertifikate verwendet. Die Anwesenheit bei einer 75% der Sitzung wird als notwendig erachtet, um ein Zertifikat zu erhalten. Sobald Ihre Anwesenheit \u00fcberpr\u00fcft worden ist <a href=\"http:\/\/yosigopublicando.ugr.es\/sobre-yosigopublicando\/faq\/#meet\">k\u00f6nnen Sie Ihr Zertifikat herunterladen<\/a>. Zu diesem Zweck ist es praktisch, dass Sie sich auf unserer Plattform und auf Google Meet in gleicher Weise identifizieren.<\/p>\n\n\n\n<h3 class=\"wp-block-heading\" id=\"h.w12vl3wykb99\"><a href=\"https:\/\/sites.google.com\/go.ugr.es\/yosigopublicando\/directrices#h.w12vl3wykb99\"><\/a>Aufnahme<\/h3>\n\n\n\n<p id=\"h.dqvijmuutiu1\">Die Moderatoren werden den Kurs f\u00fcr die \u00dcbertragung aufzeichnen, und die Teilnahme an der Sitzung bedeutet, dass Sie uns Ihr Einverst\u00e4ndnis zur Aufzeichnung geben. Diejenigen, die nicht in der Aufzeichnung erscheinen m\u00f6chten, k\u00f6nnen ihre Audio- und Videoverbindung abschalten, um ihre Anonymit\u00e4t zu wahren. Mit der Zustimmung zur Teilnahme am Kurs stimmen die Studierenden und die Universit\u00e4t ausdr\u00fccklich der Aufzeichnung von Sprache, Bild und Video zu. Die aufgezeichneten Sequenzen werden ausschlie\u00dflich f\u00fcr die in diesem Dokument genannten Lehrzwecke verwendet.<\/p>\n\n\n\n<h3 class=\"wp-block-heading\" id=\"h.1oq9z8gpb2lj\">Mikrofone und Chat<\/h3>\n\n\n\n<p id=\"h.bl5lly8ssp6i\">Es ist sehr wichtig, dass Sie Ihre Mikrofone ausgeschaltet lassen, da sie st\u00f6renden L\u00e4rm erzeugen. Sch\u00fcler, die sich nicht an diese einfache Regel halten, k\u00f6nnen aus dem Raum verwiesen werden. Google Meet verf\u00fcgt auch \u00fcber einen Chat-Raum, in dem Sie mit dem Lehrer interagieren und nat\u00fcrlich alle Fragen stellen k\u00f6nnen, die Sie haben. Nat\u00fcrlich sollten Sie den Chat in einem h\u00f6flichen und respektvollen Ton gegen\u00fcber der Lehrkraft und den anderen Teilnehmern nutzen. Die Moderatoren k\u00f6nnen Teilnehmer ausschlie\u00dfen, die den Chat in unangemessener und beleidigender Weise nutzen.<\/p>\n\n\n\n<h3 class=\"wp-block-heading\" id=\"h.97nbclao46q0\"><a href=\"https:\/\/sites.google.com\/go.ugr.es\/yosigopublicando\/directrices#h.97nbclao46q0\"><\/a>Konfiguration anzeigen<\/h3>\n\n\n\n<p id=\"h.ss76fxp0kkd4\">Um zu vermeiden, dass Sie die Gesichter (Kameras) anderer Nutzer w\u00e4hrend der \u00dcbertragung sehen, m\u00fcssen Sie Ihre Google Meet-Sitzung wie folgt konfigurieren, sobald die \u00dcbertragung begonnen hat: <\/p>\n\n\n\n<ul class=\"wp-block-list\">\n<li>Klicken Sie in der rechten unteren Ecke von Meet auf das Ellipsen-Symbol,<\/li>\n\n\n\n<li>erscheint ein Men\u00fc mit der Option \"Design \u00e4ndern\",<\/li>\n\n\n\n<li>w\u00e4hlen Sie die Option \"Fokus\".<\/li>\n<\/ul>\n\n\n\n<p>Wir empfehlen Ihnen, einen Blick zu werfen auf <a href=\"https:\/\/support.google.com\/a\/users\/answer\/9282720?hl=es\">einige schnelle Google Meet-Tutorials<\/a> wenn Sie es nicht wissen.<\/p>\n\n\n\n<h3 class=\"wp-block-heading\" id=\"h.sr13uq32q38r\"><a href=\"https:\/\/sites.google.com\/go.ugr.es\/yosigopublicando\/directrices#h.sr13uq32q38r\"><\/a>Telegramm-Gruppe<\/h3>\n\n\n\n<p id=\"h.8clu5qixhz0s\">Es ist wichtig, dass sich die Teilnehmer bei der<a href=\"https:\/\/www.google.com\/url?q=https%3A%2F%2Ft.me%2Fyosigopublicando&amp;sa=D&amp;sntz=1&amp;usg=AFQjCNErsmzG37PXUKRa2sj9sCh79-nNJg\" target=\"_blank\" rel=\"noreferrer noopener\"> Telegramm-Gruppe<\/a>Dies ist unser Echtzeit-Kommunikationstool, das Ihnen bei der Benachrichtigung \u00fcber Vorf\u00e4lle, Raum- oder Fahrplan\u00e4nderungen behilflich sein wird.<\/p>\n\n\n\n<h3 class=\"wp-block-heading\">Stellungnahmen<\/h3>\n\n\n\n<p>Die Universit\u00e4t Granada ist in keiner Weise f\u00fcr die Meinungen oder Informationen verantwortlich, die von den Lehrern der Kurse ge\u00e4u\u00dfert werden. Die Ver\u00f6ffentlichung der Videos bedeutet weder, dass die Informationen als wahr anerkannt werden, noch, dass sie gebilligt, best\u00e4tigt oder bef\u00fcrwortet werden. Die ge\u00e4u\u00dferten Meinungen geben nur die pers\u00f6nliche Meinung oder den Standpunkt der Lehrkr\u00e4fte wieder.<\/p>\n\n\n\n<h3 class=\"wp-block-heading\" id=\"h.ycihil6pzxda\"><a href=\"https:\/\/sites.google.com\/go.ugr.es\/yosigopublicando\/directrices#h.ycihil6pzxda\"><\/a>FAQ - H\u00e4ufig gestellte Fragen<\/h3>\n\n\n\n<p id=\"h.z0qq18vo5d5s\"><a href=\"https:\/\/sites.google.com\/go.ugr.es\/yosigopublicando\/directrices#h.z0qq18vo5d5s\"><\/a> Wenn Sie weitere Fragen haben, k\u00f6nnen Sie sich informieren unter <a href=\"http:\/\/yosigopublicando.ugr.es\/sobre-yosigopublicando\/faq\/\">unsere h\u00e4ufig gestellten Fragen<\/a><\/p>","protected":false},"excerpt":{"rendered":"<p>Acceso aulas Las clases se emiten con Google Meet. A los cursos se accede a trav\u00e9s de la secci\u00f3n de acceso en contenido que hay en cada una de las fichas de los cursos. Recuerda que para conocer el enlace debes crearte un perfil en la plataforma y luego iniciar sesi\u00f3n en la misma. 10 [&hellip;]<\/p>\n","protected":false},"author":1,"featured_media":0,"parent":618,"menu_order":0,"comment_status":"closed","ping_status":"closed","template":"","meta":{"site-sidebar-layout":"default","site-content-layout":"default","ast-site-content-layout":"default","site-content-style":"default","site-sidebar-style":"default","ast-global-header-display":"","ast-banner-title-visibility":"","ast-main-header-display":"","ast-hfb-above-header-display":"","ast-hfb-below-header-display":"","ast-hfb-mobile-header-display":"","site-post-title":"","ast-breadcrumbs-content":"","ast-featured-img":"","footer-sml-layout":"","theme-transparent-header-meta":"default","adv-header-id-meta":"","stick-header-meta":"","header-above-stick-meta":"","header-main-stick-meta":"","header-below-stick-meta":"","astra-migrate-meta-layouts":"set","ast-page-background-enabled":"default","ast-page-background-meta":{"desktop":{"background-color":"","background-image":"","background-repeat":"repeat","background-position":"center center","background-size":"auto","background-attachment":"scroll","background-type":"","background-media":"","overlay-type":"","overlay-color":"","overlay-opacity":"","overlay-gradient":""},"tablet":{"background-color":"","background-image":"","background-repeat":"repeat","background-position":"center center","background-size":"auto","background-attachment":"scroll","background-type":"","background-media":"","overlay-type":"","overlay-color":"","overlay-opacity":"","overlay-gradient":""},"mobile":{"background-color":"","background-image":"","background-repeat":"repeat","background-position":"center center","background-size":"auto","background-attachment":"scroll","background-type":"","background-media":"","overlay-type":"","overlay-color":"","overlay-opacity":"","overlay-gradient":""}},"ast-content-background-meta":{"desktop":{"background-color":"var(--ast-global-color-5)","background-image":"","background-repeat":"repeat","background-position":"center center","background-size":"auto","background-attachment":"scroll","background-type":"","background-media":"","overlay-type":"","overlay-color":"","overlay-opacity":"","overlay-gradient":""},"tablet":{"background-color":"var(--ast-global-color-5)","background-image":"","background-repeat":"repeat","background-position":"center center","background-size":"auto","background-attachment":"scroll","background-type":"","background-media":"","overlay-type":"","overlay-color":"","overlay-opacity":"","overlay-gradient":""},"mobile":{"background-color":"var(--ast-global-color-5)","background-image":"","background-repeat":"repeat","background-position":"center center","background-size":"auto","background-attachment":"scroll","background-type":"","background-media":"","overlay-type":"","overlay-color":"","overlay-opacity":"","overlay-gradient":""}},"footnotes":""},"class_list":["post-2121","page","type-page","status-publish","hentry"],"yoast_head":"<!-- This site is optimized with the Yoast SEO plugin v27.1.1 - https:\/\/yoast.com\/product\/yoast-seo-wordpress\/ -->\n<title>Directrices generales - #YoSigoUGR<\/title>\n<meta name=\"robots\" content=\"index, follow, max-snippet:-1, max-image-preview:large, max-video-preview:-1\" \/>\n<link rel=\"canonical\" href=\"https:\/\/yosigo.ugr.es\/de\/uber-yosigopublicando\/allgemeine-richtlinien\/\" \/>\n<meta property=\"og:locale\" content=\"de_DE\" \/>\n<meta property=\"og:type\" content=\"article\" \/>\n<meta property=\"og:title\" content=\"Directrices generales - #YoSigoUGR\" \/>\n<meta property=\"og:description\" content=\"Acceso aulas Las clases se emiten con Google Meet. A los cursos se accede a trav\u00e9s de la secci\u00f3n de acceso en contenido que hay en cada una de las fichas de los cursos. Recuerda que para conocer el enlace debes crearte un perfil en la plataforma y luego iniciar sesi\u00f3n en la misma. 10 [&hellip;]\" \/>\n<meta property=\"og:url\" content=\"https:\/\/yosigo.ugr.es\/de\/uber-yosigopublicando\/allgemeine-richtlinien\/\" \/>\n<meta property=\"og:site_name\" content=\"#YoSigoUGR\" \/>\n<meta property=\"article:modified_time\" content=\"2025-03-19T11:27:38+00:00\" \/>\n<meta name=\"twitter:card\" content=\"summary_large_image\" \/>\n<meta name=\"twitter:label1\" content=\"Gesch\u00e4tzte Lesezeit\" \/>\n\t<meta name=\"twitter:data1\" content=\"4\u00a0Minuten\" \/>\n<script type=\"application\/ld+json\" class=\"yoast-schema-graph\">{\"@context\":\"https:\/\/schema.org\",\"@graph\":[{\"@type\":\"WebPage\",\"@id\":\"https:\/\/yosigo.ugr.es\/sobre-yosigopublicando\/directrices-generales\/\",\"url\":\"https:\/\/yosigo.ugr.es\/sobre-yosigopublicando\/directrices-generales\/\",\"name\":\"Directrices generales - #YoSigoUGR\",\"isPartOf\":{\"@id\":\"https:\/\/yosigo.ugr.es\/#website\"},\"datePublished\":\"2021-09-23T07:25:19+00:00\",\"dateModified\":\"2025-03-19T11:27:38+00:00\",\"breadcrumb\":{\"@id\":\"https:\/\/yosigo.ugr.es\/sobre-yosigopublicando\/directrices-generales\/#breadcrumb\"},\"inLanguage\":\"de\",\"potentialAction\":[{\"@type\":\"ReadAction\",\"target\":[\"https:\/\/yosigo.ugr.es\/sobre-yosigopublicando\/directrices-generales\/\"]}]},{\"@type\":\"BreadcrumbList\",\"@id\":\"https:\/\/yosigo.ugr.es\/sobre-yosigopublicando\/directrices-generales\/#breadcrumb\",\"itemListElement\":[{\"@type\":\"ListItem\",\"position\":1,\"name\":\"Inicio\",\"item\":\"https:\/\/yosigo.ugr.es\/\"},{\"@type\":\"ListItem\",\"position\":2,\"name\":\"Sobre #YoSigoUGR\",\"item\":\"https:\/\/yosigo.ugr.es\/sobre-yosigopublicando\/\"},{\"@type\":\"ListItem\",\"position\":3,\"name\":\"Directrices generales\"}]},{\"@type\":\"WebSite\",\"@id\":\"https:\/\/yosigo.ugr.es\/#website\",\"url\":\"https:\/\/yosigo.ugr.es\/\",\"name\":\"#YoSigoUGR\",\"description\":\"Formaci\u00f3n abierta promovido por el Vicerrectorado de Investigaci\u00f3n y Transferencia y la Escuela Internacional de Posgrado de la UGR\",\"publisher\":{\"@id\":\"https:\/\/yosigo.ugr.es\/#organization\"},\"potentialAction\":[{\"@type\":\"SearchAction\",\"target\":{\"@type\":\"EntryPoint\",\"urlTemplate\":\"https:\/\/yosigo.ugr.es\/?s={search_term_string}\"},\"query-input\":{\"@type\":\"PropertyValueSpecification\",\"valueRequired\":true,\"valueName\":\"search_term_string\"}}],\"inLanguage\":\"de\"},{\"@type\":\"Organization\",\"@id\":\"https:\/\/yosigo.ugr.es\/#organization\",\"name\":\"#YoSigoUGR\",\"url\":\"https:\/\/yosigo.ugr.es\/\",\"logo\":{\"@type\":\"ImageObject\",\"inLanguage\":\"de\",\"@id\":\"https:\/\/yosigo.ugr.es\/#\/schema\/logo\/image\/\",\"url\":\"https:\/\/yosigo.ugr.es\/wp-content\/uploads\/2024\/01\/yosigo-web-24.png\",\"contentUrl\":\"https:\/\/yosigo.ugr.es\/wp-content\/uploads\/2024\/01\/yosigo-web-24.png\",\"width\":250,\"height\":38,\"caption\":\"#YoSigoUGR\"},\"image\":{\"@id\":\"https:\/\/yosigo.ugr.es\/#\/schema\/logo\/image\/\"}}]}<\/script>\n<!-- \/ Yoast SEO plugin. -->","yoast_head_json":{"title":"Allgemeine Leitlinien - #YoSigoUGR","robots":{"index":"index","follow":"follow","max-snippet":"max-snippet:-1","max-image-preview":"max-image-preview:large","max-video-preview":"max-video-preview:-1"},"canonical":"https:\/\/yosigo.ugr.es\/de\/uber-yosigopublicando\/allgemeine-richtlinien\/","og_locale":"de_DE","og_type":"article","og_title":"Directrices generales - #YoSigoUGR","og_description":"Acceso aulas Las clases se emiten con Google Meet. A los cursos se accede a trav\u00e9s de la secci\u00f3n de acceso en contenido que hay en cada una de las fichas de los cursos. Recuerda que para conocer el enlace debes crearte un perfil en la plataforma y luego iniciar sesi\u00f3n en la misma. 10 [&hellip;]","og_url":"https:\/\/yosigo.ugr.es\/de\/uber-yosigopublicando\/allgemeine-richtlinien\/","og_site_name":"#YoSigoUGR","article_modified_time":"2025-03-19T11:27:38+00:00","twitter_card":"summary_large_image","twitter_misc":{"Gesch\u00e4tzte Lesezeit":"4\u00a0Minuten"},"schema":{"@context":"https:\/\/schema.org","@graph":[{"@type":"WebPage","@id":"https:\/\/yosigo.ugr.es\/sobre-yosigopublicando\/directrices-generales\/","url":"https:\/\/yosigo.ugr.es\/sobre-yosigopublicando\/directrices-generales\/","name":"Allgemeine Leitlinien - #YoSigoUGR","isPartOf":{"@id":"https:\/\/yosigo.ugr.es\/#website"},"datePublished":"2021-09-23T07:25:19+00:00","dateModified":"2025-03-19T11:27:38+00:00","breadcrumb":{"@id":"https:\/\/yosigo.ugr.es\/sobre-yosigopublicando\/directrices-generales\/#breadcrumb"},"inLanguage":"de","potentialAction":[{"@type":"ReadAction","target":["https:\/\/yosigo.ugr.es\/sobre-yosigopublicando\/directrices-generales\/"]}]},{"@type":"BreadcrumbList","@id":"https:\/\/yosigo.ugr.es\/sobre-yosigopublicando\/directrices-generales\/#breadcrumb","itemListElement":[{"@type":"ListItem","position":1,"name":"Inicio","item":"https:\/\/yosigo.ugr.es\/"},{"@type":"ListItem","position":2,"name":"Sobre #YoSigoUGR","item":"https:\/\/yosigo.ugr.es\/sobre-yosigopublicando\/"},{"@type":"ListItem","position":3,"name":"Directrices generales"}]},{"@type":"WebSite","@id":"https:\/\/yosigo.ugr.es\/#website","url":"https:\/\/yosigo.ugr.es\/","name":"#YoSigoUGR","description":"Offene Ausbildung gef\u00f6rdert durch das Vizerektorat f\u00fcr Forschung und Transfer und die International Graduate School der UGR.","publisher":{"@id":"https:\/\/yosigo.ugr.es\/#organization"},"potentialAction":[{"@type":"SearchAction","target":{"@type":"EntryPoint","urlTemplate":"https:\/\/yosigo.ugr.es\/?s={search_term_string}"},"query-input":{"@type":"PropertyValueSpecification","valueRequired":true,"valueName":"search_term_string"}}],"inLanguage":"de"},{"@type":"Organization","@id":"https:\/\/yosigo.ugr.es\/#organization","name":"#YoSigoUGR","url":"https:\/\/yosigo.ugr.es\/","logo":{"@type":"ImageObject","inLanguage":"de","@id":"https:\/\/yosigo.ugr.es\/#\/schema\/logo\/image\/","url":"https:\/\/yosigo.ugr.es\/wp-content\/uploads\/2024\/01\/yosigo-web-24.png","contentUrl":"https:\/\/yosigo.ugr.es\/wp-content\/uploads\/2024\/01\/yosigo-web-24.png","width":250,"height":38,"caption":"#YoSigoUGR"},"image":{"@id":"https:\/\/yosigo.ugr.es\/#\/schema\/logo\/image\/"}}]}},"_links":{"self":[{"href":"https:\/\/yosigo.ugr.es\/de\/wp-json\/wp\/v2\/pages\/2121","targetHints":{"allow":["GET"]}}],"collection":[{"href":"https:\/\/yosigo.ugr.es\/de\/wp-json\/wp\/v2\/pages"}],"about":[{"href":"https:\/\/yosigo.ugr.es\/de\/wp-json\/wp\/v2\/types\/page"}],"author":[{"embeddable":true,"href":"https:\/\/yosigo.ugr.es\/de\/wp-json\/wp\/v2\/users\/1"}],"replies":[{"embeddable":true,"href":"https:\/\/yosigo.ugr.es\/de\/wp-json\/wp\/v2\/comments?post=2121"}],"version-history":[{"count":0,"href":"https:\/\/yosigo.ugr.es\/de\/wp-json\/wp\/v2\/pages\/2121\/revisions"}],"up":[{"embeddable":true,"href":"https:\/\/yosigo.ugr.es\/de\/wp-json\/wp\/v2\/pages\/618"}],"wp:attachment":[{"href":"https:\/\/yosigo.ugr.es\/de\/wp-json\/wp\/v2\/media?parent=2121"}],"curies":[{"name":"wp","href":"https:\/\/api.w.org\/{rel}","templated":true}]}}